{"id":1134,"date":"2021-06-01T08:43:59","date_gmt":"2021-06-01T08:43:59","guid":{"rendered":"https:\/\/bioinnovaciondental.com\/aviso-legal\/"},"modified":"2023-06-14T10:30:06","modified_gmt":"2023-06-14T10:30:06","slug":"aviso-legal","status":"publish","type":"page","link":"https:\/\/bioinnovaciondental.com\/pt-pt\/aviso-legal\/","title":{"rendered":"Aviso Legal"},"content":{"rendered":"<p><b>Obrigado por aceder ao nosso site.<\/b><\/p>\n<p class=\"p1\">O presente documento regula a utiliza\u00e7\u00e3o do servi\u00e7o que a Bioinnovaci\u00f3n Dental S.L. presta aos utilizadores da Internet. A utiliza\u00e7\u00e3o deste s\u00edtio Web implica a aceita\u00e7\u00e3o das presentes condi\u00e7\u00f5es, que poder\u00e3o ser modificadas em qualquer momento pela Bioinnovaci\u00f3n Dental S.L..<\/p>\n<p><b>Prote\u00e7\u00e3o de Dados<\/b><\/p>\n<p class=\"p1\">A Bioinnovaci\u00f3n Dental S.L. compromete-se a tratar com total confidencialidade todos os dados fornecidos pelos visitantes do seu s\u00edtio Web na Internet.<\/p>\n<p class=\"p1\">Todos os dados ser\u00e3o inclu\u00eddos num ficheiro conservado com a devida confidencialidade e seguran\u00e7a, em conformidade com a Lei Org\u00e2nica 15\/1999, de 13 de Dezembro.<\/p>\n<p class=\"p1\">Os utilizadores podem, a qualquer momento, aceder, modificar ou cancelar os seus dados, enviando uma mensagem de correio eletr\u00f3nico para info@bioinnovaciondental.com.<\/p>\n<p><b>Propriedade Intelectual<\/b><\/p>\n<p class=\"p1\">Este s\u00edtio Web e os seus conte\u00fados est\u00e3o protegidos pelas leis espanholas e internacionais de propriedade intelectual e industrial.<\/p>\n<p class=\"p1\">\u00c9 expressamente proibida a reprodu\u00e7\u00e3o total ou parcial deste s\u00edtio Web sem a autoriza\u00e7\u00e3o expressa e por escrito da Bioinnovaci\u00f3n Dental S.L..<\/p>\n<p><b>Informa\u00e7\u00e3o Lei 34\/2002<\/b><\/p>\n<p class=\"p1\">Em cumprimento do disposto na Lei 34\/2002, de 11 de Julho, de Servi\u00e7os da Sociedade da Informa\u00e7\u00e3o, os dados de informa\u00e7\u00e3o geral deste s\u00edtio Web s\u00e3o os seguintes<\/p>\n<ul>\n<li class=\"li1\">Bioinnovaci\u00f3n Dental S.L.<\/li>\n<li class=\"li1\">Pol\u00edgono Industrial de Mutilva. Calle V, nave 24 \/ 31192 Mutilva \u2013 Navarra (Spain)<\/li>\n<li class=\"li1\">NIF: B 31881410<\/li>\n<li class=\"li1\"><span class=\"s2\">Email:\u00a0<a href=\"mailto:info@bioinnovaciondental.com\"><span class=\"s3\">info@bioinnovaciondental.com<\/span><\/a><\/span><\/li>\n<\/ul>\n<p><b>Informa\u00e7\u00f5es relativas \u00e0 utiliza\u00e7\u00e3o do endere\u00e7o de contacto fornecido no s\u00edtio Web<\/b><\/p>\n<p class=\"p1\">O envio de um e-mail atrav\u00e9s dos endere\u00e7os de contacto que aparecem na p\u00e1gina implica o consentimento expresso do utilizador para que a Bioinnovaci\u00f3n Dental S.L. utilize o seu endere\u00e7o de e-mail para responder \u00e0 sua consulta atrav\u00e9s do envio de e-mail, bem como, se for caso disso, para responder atrav\u00e9s de outro meio de comunica\u00e7\u00e3o eletr\u00f3nica equivalente ao e-mail.<\/p>\n<p><b>Cl\u00e1usula relativa aos direitos de autor e de propriedade industrial<\/b><\/p>\n<p class=\"p1\">A Bioinnovaci\u00f3n Dental S.L. \u00e9 a propriet\u00e1ria exclusiva dos direitos de autor deste s\u00edtio Web e qualquer ato de distribui\u00e7\u00e3o ou comunica\u00e7\u00e3o p\u00fablica, reprodu\u00e7\u00e3o ou armazenamento total ou parcial deve ser realizado com o consentimento pr\u00e9vio dos respons\u00e1veis da Bioinnovaci\u00f3n Dental S.L.<\/p>\n<p class=\"p1\">Este s\u00edtio Web cont\u00e9m liga\u00e7\u00f5es para outros s\u00edtios Web geridos por terceiros. O objetivo destes links \u00e9 proporcionar aos utilizadores outras fontes de informa\u00e7\u00e3o na web que possam ser do seu interesse. A Bioinnovaci\u00f3n Dental S.L. n\u00e3o se responsabiliza de forma alguma pela informa\u00e7\u00e3o referenciada nestes links e o utilizador acede aos conte\u00fados e condi\u00e7\u00f5es de utiliza\u00e7\u00e3o que os regem sob a sua pr\u00f3pria responsabilidade.<\/p>\n<p class=\"p1\">A Bioinnovaci\u00f3n Dental S.L. n\u00e3o garante que o seu s\u00edtio Web esteja sempre operacional, nem que os seus conte\u00fados sejam completos ou exatos de forma permanente.<\/p>\n<p class=\"p1\">A Bioinnovaci\u00f3n Dental S.L. n\u00e3o se responsabiliza por quaisquer danos diretos ou indiretos decorrentes da utiliza\u00e7\u00e3o ou da informa\u00e7\u00e3o descrita neste s\u00edtio Web.<\/p>\n<p class=\"p1\">Por conseguinte, a Bioinnovaci\u00f3n Dental S.L. reserva-se o direito de modificar as especifica\u00e7\u00f5es dos produtos e servi\u00e7os deste s\u00edtio Web.<\/p>\n","protected":false},"excerpt":{"rendered":"<p>Obrigado por aceder ao nosso site. O presente documento regula a utiliza\u00e7\u00e3o do servi\u00e7o que a Bioinnovaci\u00f3n Dental S.L. presta aos utilizadores da Internet. A utiliza\u00e7\u00e3o deste s\u00edtio Web implica a aceita\u00e7\u00e3o das presentes condi\u00e7\u00f5es, que poder\u00e3o ser modificadas em qualquer momento pela Bioinnovaci\u00f3n Dental S.L.. Prote\u00e7\u00e3o de Dados A Bioinnovaci\u00f3n Dental S.L. compromete-se a [&hellip;]<\/p>\n","protected":false},"author":1,"featured_media":0,"parent":0,"menu_order":0,"comment_status":"closed","ping_status":"open","template":"","meta":{"_mi_skip_tracking":false},"acf":[],"yoast_head":"<!-- This site is optimized with the Yoast SEO plugin v18.8 - https:\/\/yoast.com\/wordpress\/plugins\/seo\/ -->\n<title>Aviso Legal - Bioinnovaci\u00f3n Dental<\/title>\n<meta name=\"robots\" content=\"noindex, nofollow\" \/>\n<meta property=\"og:locale\" content=\"pt_PT\" \/>\n<meta property=\"og:type\" content=\"article\" \/>\n<meta property=\"og:title\" content=\"Aviso Legal - Bioinnovaci\u00f3n Dental\" \/>\n<meta property=\"og:description\" content=\"Obrigado por aceder ao nosso site. O presente documento regula a utiliza\u00e7\u00e3o do servi\u00e7o que a Bioinnovaci\u00f3n Dental S.L. presta aos utilizadores da Internet. A utiliza\u00e7\u00e3o deste s\u00edtio Web implica a aceita\u00e7\u00e3o das presentes condi\u00e7\u00f5es, que poder\u00e3o ser modificadas em qualquer momento pela Bioinnovaci\u00f3n Dental S.L.. Prote\u00e7\u00e3o de Dados A Bioinnovaci\u00f3n Dental S.L. compromete-se a [&hellip;]\" \/>\n<meta property=\"og:url\" content=\"https:\/\/bioinnovaciondental.com\/pt-pt\/aviso-legal\/\" \/>\n<meta property=\"og:site_name\" content=\"Bioinnovaci\u00f3n Dental\" \/>\n<meta property=\"article:modified_time\" content=\"2023-06-14T10:30:06+00:00\" \/>\n<meta name=\"twitter:card\" content=\"summary_large_image\" \/>\n<meta name=\"twitter:label1\" content=\"Est. reading time\" \/>\n\t<meta name=\"twitter:data1\" content=\"3 minutos\" \/>\n<script type=\"application\/ld+json\" class=\"yoast-schema-graph\">{\"@context\":\"https:\/\/schema.org\",\"@graph\":[{\"@type\":\"Organization\",\"@id\":\"https:\/\/bioinnovaciondental.com\/pt-pt\/#organization\",\"name\":\"Bioinnovaci\u00f3n Dental\",\"url\":\"https:\/\/bioinnovaciondental.com\/pt-pt\/\",\"sameAs\":[],\"logo\":{\"@type\":\"ImageObject\",\"inLanguage\":\"pt-PT\",\"@id\":\"https:\/\/bioinnovaciondental.com\/pt-pt\/#\/schema\/logo\/image\/\",\"url\":\"https:\/\/bioinnovaciondental.com\/wp-content\/uploads\/2021\/06\/logo.png\",\"contentUrl\":\"https:\/\/bioinnovaciondental.com\/wp-content\/uploads\/2021\/06\/logo.png\",\"width\":299,\"height\":65,\"caption\":\"Bioinnovaci\u00f3n Dental\"},\"image\":{\"@id\":\"https:\/\/bioinnovaciondental.com\/pt-pt\/#\/schema\/logo\/image\/\"}},{\"@type\":\"WebSite\",\"@id\":\"https:\/\/bioinnovaciondental.com\/pt-pt\/#website\",\"url\":\"https:\/\/bioinnovaciondental.com\/pt-pt\/\",\"name\":\"Bioinnovaci\u00f3n Dental\",\"description\":\"Your Digital Odontology Team\",\"publisher\":{\"@id\":\"https:\/\/bioinnovaciondental.com\/pt-pt\/#organization\"},\"potentialAction\":[{\"@type\":\"SearchAction\",\"target\":{\"@type\":\"EntryPoint\",\"urlTemplate\":\"https:\/\/bioinnovaciondental.com\/pt-pt\/?s={search_term_string}\"},\"query-input\":\"required name=search_term_string\"}],\"inLanguage\":\"pt-PT\"},{\"@type\":\"WebPage\",\"@id\":\"https:\/\/bioinnovaciondental.com\/pt-pt\/aviso-legal\/#webpage\",\"url\":\"https:\/\/bioinnovaciondental.com\/pt-pt\/aviso-legal\/\",\"name\":\"Aviso Legal - Bioinnovaci\u00f3n Dental\",\"isPartOf\":{\"@id\":\"https:\/\/bioinnovaciondental.com\/pt-pt\/#website\"},\"datePublished\":\"2021-06-01T08:43:59+00:00\",\"dateModified\":\"2023-06-14T10:30:06+00:00\",\"breadcrumb\":{\"@id\":\"https:\/\/bioinnovaciondental.com\/pt-pt\/aviso-legal\/#breadcrumb\"},\"inLanguage\":\"pt-PT\",\"potentialAction\":[{\"@type\":\"ReadAction\",\"target\":[\"https:\/\/bioinnovaciondental.com\/pt-pt\/aviso-legal\/\"]}]},{\"@type\":\"BreadcrumbList\",\"@id\":\"https:\/\/bioinnovaciondental.com\/pt-pt\/aviso-legal\/#breadcrumb\",\"itemListElement\":[{\"@type\":\"ListItem\",\"position\":1,\"name\":\"Portada\",\"item\":\"https:\/\/bioinnovaciondental.com\/pt-pt\/\"},{\"@type\":\"ListItem\",\"position\":2,\"name\":\"Aviso Legal\"}]}]}<\/script>\n<!-- \/ Yoast SEO plugin. -->","yoast_head_json":{"title":"Aviso Legal - Bioinnovaci\u00f3n Dental","robots":{"index":"noindex","follow":"nofollow"},"og_locale":"pt_PT","og_type":"article","og_title":"Aviso Legal - Bioinnovaci\u00f3n Dental","og_description":"Obrigado por aceder ao nosso site. O presente documento regula a utiliza\u00e7\u00e3o do servi\u00e7o que a Bioinnovaci\u00f3n Dental S.L. presta aos utilizadores da Internet. A utiliza\u00e7\u00e3o deste s\u00edtio Web implica a aceita\u00e7\u00e3o das presentes condi\u00e7\u00f5es, que poder\u00e3o ser modificadas em qualquer momento pela Bioinnovaci\u00f3n Dental S.L.. Prote\u00e7\u00e3o de Dados A Bioinnovaci\u00f3n Dental S.L. compromete-se a [&hellip;]","og_url":"https:\/\/bioinnovaciondental.com\/pt-pt\/aviso-legal\/","og_site_name":"Bioinnovaci\u00f3n Dental","article_modified_time":"2023-06-14T10:30:06+00:00","twitter_card":"summary_large_image","twitter_misc":{"Est. reading time":"3 minutos"},"schema":{"@context":"https:\/\/schema.org","@graph":[{"@type":"Organization","@id":"https:\/\/bioinnovaciondental.com\/pt-pt\/#organization","name":"Bioinnovaci\u00f3n Dental","url":"https:\/\/bioinnovaciondental.com\/pt-pt\/","sameAs":[],"logo":{"@type":"ImageObject","inLanguage":"pt-PT","@id":"https:\/\/bioinnovaciondental.com\/pt-pt\/#\/schema\/logo\/image\/","url":"https:\/\/bioinnovaciondental.com\/wp-content\/uploads\/2021\/06\/logo.png","contentUrl":"https:\/\/bioinnovaciondental.com\/wp-content\/uploads\/2021\/06\/logo.png","width":299,"height":65,"caption":"Bioinnovaci\u00f3n Dental"},"image":{"@id":"https:\/\/bioinnovaciondental.com\/pt-pt\/#\/schema\/logo\/image\/"}},{"@type":"WebSite","@id":"https:\/\/bioinnovaciondental.com\/pt-pt\/#website","url":"https:\/\/bioinnovaciondental.com\/pt-pt\/","name":"Bioinnovaci\u00f3n Dental","description":"Your Digital Odontology Team","publisher":{"@id":"https:\/\/bioinnovaciondental.com\/pt-pt\/#organization"},"potentialAction":[{"@type":"SearchAction","target":{"@type":"EntryPoint","urlTemplate":"https:\/\/bioinnovaciondental.com\/pt-pt\/?s={search_term_string}"},"query-input":"required name=search_term_string"}],"inLanguage":"pt-PT"},{"@type":"WebPage","@id":"https:\/\/bioinnovaciondental.com\/pt-pt\/aviso-legal\/#webpage","url":"https:\/\/bioinnovaciondental.com\/pt-pt\/aviso-legal\/","name":"Aviso Legal - Bioinnovaci\u00f3n Dental","isPartOf":{"@id":"https:\/\/bioinnovaciondental.com\/pt-pt\/#website"},"datePublished":"2021-06-01T08:43:59+00:00","dateModified":"2023-06-14T10:30:06+00:00","breadcrumb":{"@id":"https:\/\/bioinnovaciondental.com\/pt-pt\/aviso-legal\/#breadcrumb"},"inLanguage":"pt-PT","potentialAction":[{"@type":"ReadAction","target":["https:\/\/bioinnovaciondental.com\/pt-pt\/aviso-legal\/"]}]},{"@type":"BreadcrumbList","@id":"https:\/\/bioinnovaciondental.com\/pt-pt\/aviso-legal\/#breadcrumb","itemListElement":[{"@type":"ListItem","position":1,"name":"Portada","item":"https:\/\/bioinnovaciondental.com\/pt-pt\/"},{"@type":"ListItem","position":2,"name":"Aviso Legal"}]}]}},"_links":{"self":[{"href":"https:\/\/bioinnovaciondental.com\/pt-pt\/wp-json\/wp\/v2\/pages\/1134"}],"collection":[{"href":"https:\/\/bioinnovaciondental.com\/pt-pt\/wp-json\/wp\/v2\/pages"}],"about":[{"href":"https:\/\/bioinnovaciondental.com\/pt-pt\/wp-json\/wp\/v2\/types\/page"}],"author":[{"embeddable":true,"href":"https:\/\/bioinnovaciondental.com\/pt-pt\/wp-json\/wp\/v2\/users\/1"}],"replies":[{"embeddable":true,"href":"https:\/\/bioinnovaciondental.com\/pt-pt\/wp-json\/wp\/v2\/comments?post=1134"}],"version-history":[{"count":2,"href":"https:\/\/bioinnovaciondental.com\/pt-pt\/wp-json\/wp\/v2\/pages\/1134\/revisions"}],"predecessor-version":[{"id":1186,"href":"https:\/\/bioinnovaciondental.com\/pt-pt\/wp-json\/wp\/v2\/pages\/1134\/revisions\/1186"}],"wp:attachment":[{"href":"https:\/\/bioinnovaciondental.com\/pt-pt\/wp-json\/wp\/v2\/media?parent=1134"}],"curies":[{"name":"wp","href":"https:\/\/api.w.org\/{rel}","templated":true}]}}