{"id":1126,"date":"2021-06-21T09:48:11","date_gmt":"2021-06-21T09:48:11","guid":{"rendered":"https:\/\/bioinnovaciondental.com\/innovacion\/"},"modified":"2023-06-09T08:52:50","modified_gmt":"2023-06-09T08:52:50","slug":"inovacao","status":"publish","type":"page","link":"https:\/\/bioinnovaciondental.com\/pt-pt\/inovacao\/","title":{"rendered":"Inovacao"},"content":{"rendered":"","protected":false},"excerpt":{"rendered":"","protected":false},"author":1,"featured_media":0,"parent":0,"menu_order":0,"comment_status":"closed","ping_status":"closed","template":"","meta":{"_mi_skip_tracking":false},"acf":[],"yoast_head":"<!-- This site is optimized with the Yoast SEO plugin v18.8 - https:\/\/yoast.com\/wordpress\/plugins\/seo\/ -->\n<title>Inovacao - Bioinnovaci\u00f3n Dental<\/title>\n<meta name=\"description\" content=\"A la vanguard\u00eda de la odonolog\u00eda digital, Bioinnovaci\u00f3n Dental Sintex, un producto referente por su calidad.\" \/>\n<meta name=\"robots\" content=\"index, follow, max-snippet:-1, max-image-preview:large, max-video-preview:-1\" \/>\n<link rel=\"canonical\" href=\"https:\/\/bioinnovaciondental.com\/pt-pt\/inovacao\/\" \/>\n<meta property=\"og:locale\" content=\"pt_PT\" \/>\n<meta property=\"og:type\" content=\"article\" \/>\n<meta property=\"og:title\" content=\"Inovacao - Bioinnovaci\u00f3n Dental\" \/>\n<meta property=\"og:description\" content=\"A la vanguard\u00eda de la odonolog\u00eda digital, Bioinnovaci\u00f3n Dental Sintex, un producto referente por su calidad.\" \/>\n<meta property=\"og:url\" content=\"https:\/\/bioinnovaciondental.com\/pt-pt\/inovacao\/\" \/>\n<meta property=\"og:site_name\" content=\"Bioinnovaci\u00f3n Dental\" \/>\n<meta property=\"article:modified_time\" content=\"2023-06-09T08:52:50+00:00\" \/>\n<meta name=\"twitter:card\" content=\"summary_large_image\" \/>\n<script type=\"application\/ld+json\" class=\"yoast-schema-graph\">{\"@context\":\"https:\/\/schema.org\",\"@graph\":[{\"@type\":\"Organization\",\"@id\":\"https:\/\/bioinnovaciondental.com\/pt-pt\/#organization\",\"name\":\"Bioinnovaci\u00f3n Dental\",\"url\":\"https:\/\/bioinnovaciondental.com\/pt-pt\/\",\"sameAs\":[],\"logo\":{\"@type\":\"ImageObject\",\"inLanguage\":\"pt-PT\",\"@id\":\"https:\/\/bioinnovaciondental.com\/pt-pt\/#\/schema\/logo\/image\/\",\"url\":\"https:\/\/bioinnovaciondental.com\/wp-content\/uploads\/2021\/06\/logo.png\",\"contentUrl\":\"https:\/\/bioinnovaciondental.com\/wp-content\/uploads\/2021\/06\/logo.png\",\"width\":299,\"height\":65,\"caption\":\"Bioinnovaci\u00f3n Dental\"},\"image\":{\"@id\":\"https:\/\/bioinnovaciondental.com\/pt-pt\/#\/schema\/logo\/image\/\"}},{\"@type\":\"WebSite\",\"@id\":\"https:\/\/bioinnovaciondental.com\/pt-pt\/#website\",\"url\":\"https:\/\/bioinnovaciondental.com\/pt-pt\/\",\"name\":\"Bioinnovaci\u00f3n Dental\",\"description\":\"Your Digital Odontology Team\",\"publisher\":{\"@id\":\"https:\/\/bioinnovaciondental.com\/pt-pt\/#organization\"},\"potentialAction\":[{\"@type\":\"SearchAction\",\"target\":{\"@type\":\"EntryPoint\",\"urlTemplate\":\"https:\/\/bioinnovaciondental.com\/pt-pt\/?s={search_term_string}\"},\"query-input\":\"required name=search_term_string\"}],\"inLanguage\":\"pt-PT\"},{\"@type\":\"WebPage\",\"@id\":\"https:\/\/bioinnovaciondental.com\/pt-pt\/inovacao\/#webpage\",\"url\":\"https:\/\/bioinnovaciondental.com\/pt-pt\/inovacao\/\",\"name\":\"Inovacao - Bioinnovaci\u00f3n Dental\",\"isPartOf\":{\"@id\":\"https:\/\/bioinnovaciondental.com\/pt-pt\/#website\"},\"datePublished\":\"2021-06-21T09:48:11+00:00\",\"dateModified\":\"2023-06-09T08:52:50+00:00\",\"description\":\"A la vanguard\u00eda de la odonolog\u00eda digital, Bioinnovaci\u00f3n Dental Sintex, un producto referente por su calidad.\",\"breadcrumb\":{\"@id\":\"https:\/\/bioinnovaciondental.com\/pt-pt\/inovacao\/#breadcrumb\"},\"inLanguage\":\"pt-PT\",\"potentialAction\":[{\"@type\":\"ReadAction\",\"target\":[\"https:\/\/bioinnovaciondental.com\/pt-pt\/inovacao\/\"]}]},{\"@type\":\"BreadcrumbList\",\"@id\":\"https:\/\/bioinnovaciondental.com\/pt-pt\/inovacao\/#breadcrumb\",\"itemListElement\":[{\"@type\":\"ListItem\",\"position\":1,\"name\":\"Portada\",\"item\":\"https:\/\/bioinnovaciondental.com\/pt-pt\/\"},{\"@type\":\"ListItem\",\"position\":2,\"name\":\"Inovacao\"}]}]}<\/script>\n<!-- \/ Yoast SEO plugin. -->","yoast_head_json":{"title":"Inovacao - Bioinnovaci\u00f3n Dental","description":"A la vanguard\u00eda de la odonolog\u00eda digital, Bioinnovaci\u00f3n Dental Sintex, un producto referente por su calidad.","robots":{"index":"index","follow":"follow","max-snippet":"max-snippet:-1","max-image-preview":"max-image-preview:large","max-video-preview":"max-video-preview:-1"},"canonical":"https:\/\/bioinnovaciondental.com\/pt-pt\/inovacao\/","og_locale":"pt_PT","og_type":"article","og_title":"Inovacao - Bioinnovaci\u00f3n Dental","og_description":"A la vanguard\u00eda de la odonolog\u00eda digital, Bioinnovaci\u00f3n Dental Sintex, un producto referente por su calidad.","og_url":"https:\/\/bioinnovaciondental.com\/pt-pt\/inovacao\/","og_site_name":"Bioinnovaci\u00f3n Dental","article_modified_time":"2023-06-09T08:52:50+00:00","twitter_card":"summary_large_image","schema":{"@context":"https:\/\/schema.org","@graph":[{"@type":"Organization","@id":"https:\/\/bioinnovaciondental.com\/pt-pt\/#organization","name":"Bioinnovaci\u00f3n Dental","url":"https:\/\/bioinnovaciondental.com\/pt-pt\/","sameAs":[],"logo":{"@type":"ImageObject","inLanguage":"pt-PT","@id":"https:\/\/bioinnovaciondental.com\/pt-pt\/#\/schema\/logo\/image\/","url":"https:\/\/bioinnovaciondental.com\/wp-content\/uploads\/2021\/06\/logo.png","contentUrl":"https:\/\/bioinnovaciondental.com\/wp-content\/uploads\/2021\/06\/logo.png","width":299,"height":65,"caption":"Bioinnovaci\u00f3n Dental"},"image":{"@id":"https:\/\/bioinnovaciondental.com\/pt-pt\/#\/schema\/logo\/image\/"}},{"@type":"WebSite","@id":"https:\/\/bioinnovaciondental.com\/pt-pt\/#website","url":"https:\/\/bioinnovaciondental.com\/pt-pt\/","name":"Bioinnovaci\u00f3n Dental","description":"Your Digital Odontology Team","publisher":{"@id":"https:\/\/bioinnovaciondental.com\/pt-pt\/#organization"},"potentialAction":[{"@type":"SearchAction","target":{"@type":"EntryPoint","urlTemplate":"https:\/\/bioinnovaciondental.com\/pt-pt\/?s={search_term_string}"},"query-input":"required name=search_term_string"}],"inLanguage":"pt-PT"},{"@type":"WebPage","@id":"https:\/\/bioinnovaciondental.com\/pt-pt\/inovacao\/#webpage","url":"https:\/\/bioinnovaciondental.com\/pt-pt\/inovacao\/","name":"Inovacao - Bioinnovaci\u00f3n Dental","isPartOf":{"@id":"https:\/\/bioinnovaciondental.com\/pt-pt\/#website"},"datePublished":"2021-06-21T09:48:11+00:00","dateModified":"2023-06-09T08:52:50+00:00","description":"A la vanguard\u00eda de la odonolog\u00eda digital, Bioinnovaci\u00f3n Dental Sintex, un producto referente por su calidad.","breadcrumb":{"@id":"https:\/\/bioinnovaciondental.com\/pt-pt\/inovacao\/#breadcrumb"},"inLanguage":"pt-PT","potentialAction":[{"@type":"ReadAction","target":["https:\/\/bioinnovaciondental.com\/pt-pt\/inovacao\/"]}]},{"@type":"BreadcrumbList","@id":"https:\/\/bioinnovaciondental.com\/pt-pt\/inovacao\/#breadcrumb","itemListElement":[{"@type":"ListItem","position":1,"name":"Portada","item":"https:\/\/bioinnovaciondental.com\/pt-pt\/"},{"@type":"ListItem","position":2,"name":"Inovacao"}]}]}},"_links":{"self":[{"href":"https:\/\/bioinnovaciondental.com\/pt-pt\/wp-json\/wp\/v2\/pages\/1126"}],"collection":[{"href":"https:\/\/bioinnovaciondental.com\/pt-pt\/wp-json\/wp\/v2\/pages"}],"about":[{"href":"https:\/\/bioinnovaciondental.com\/pt-pt\/wp-json\/wp\/v2\/types\/page"}],"author":[{"embeddable":true,"href":"https:\/\/bioinnovaciondental.com\/pt-pt\/wp-json\/wp\/v2\/users\/1"}],"replies":[{"embeddable":true,"href":"https:\/\/bioinnovaciondental.com\/pt-pt\/wp-json\/wp\/v2\/comments?post=1126"}],"version-history":[{"count":2,"href":"https:\/\/bioinnovaciondental.com\/pt-pt\/wp-json\/wp\/v2\/pages\/1126\/revisions"}],"predecessor-version":[{"id":1139,"href":"https:\/\/bioinnovaciondental.com\/pt-pt\/wp-json\/wp\/v2\/pages\/1126\/revisions\/1139"}],"wp:attachment":[{"href":"https:\/\/bioinnovaciondental.com\/pt-pt\/wp-json\/wp\/v2\/media?parent=1126"}],"curies":[{"name":"wp","href":"https:\/\/api.w.org\/{rel}","templated":true}]}}