{"id":1112,"date":"2022-05-04T10:45:25","date_gmt":"2022-05-04T10:45:25","guid":{"rendered":"https:\/\/bioinnovaciondental.com\/politica-de-cookies\/"},"modified":"2023-06-14T10:21:35","modified_gmt":"2023-06-14T10:21:35","slug":"politica-de-cookies","status":"publish","type":"page","link":"https:\/\/bioinnovaciondental.com\/pt-pt\/politica-de-cookies\/","title":{"rendered":"Pol\u00edtica de Cookies"},"content":{"rendered":"<h3>Pol\u00edtica de cookies<\/h3>\n<p class=\"p1\">Um cookie \u00e9 um pequeno ficheiro de texto que \u00e9 armazenado no seu browser quando visita quase todos os s\u00edtios Web. A sua utilidade \u00e9 que o s\u00edtio Web \u00e9 capaz de se lembrar da sua visita quando volta a navegar nessa p\u00e1gina. Os cookies armazenam geralmente informa\u00e7\u00f5es de natureza t\u00e9cnica, prefer\u00eancias pessoais, personaliza\u00e7\u00e3o de conte\u00fados, estat\u00edsticas de utiliza\u00e7\u00e3o, liga\u00e7\u00f5es a redes sociais, acesso a contas de utilizador, etc. O objetivo do cookie \u00e9 adaptar o conte\u00fado do s\u00edtio Web ao seu perfil e \u00e0s suas necessidades. Sem os cookies, os servi\u00e7os oferecidos por qualquer p\u00e1gina seriam significativamente reduzidos. Para mais informa\u00e7\u00f5es sobre o que s\u00e3o cookies, o que armazenam, como os apagar, desativar, etc.,<span class=\"Apple-converted-space\">\u00a0<\/span><a href=\"http:\/\/www.bioinnovaciondental.com\/mas-informacion-sobre-las-cookies\/\"><span class=\"s1\"> por favor consulte esta liga\u00e7\u00e3o<\/span><\/a><\/p>\n<h3>Cookies utilizados neste s\u00edtio web<\/h3>\n<p class=\"p1\">Seguindo as diretrizes da Ag\u00eancia Espanhola de Prote\u00e7\u00e3o de Dados, passamos a detalhar o uso de cookies que faz este site, a fim de o informar com a maior precis\u00e3o poss\u00edvel.<\/p>\n<p class=\"p1\">Este s\u00edtio Web utiliza os seguintes <strong>cookies pr\u00f3prios<\/strong>:<\/p>\n<ul>\n<li class=\"li1\">Cookies de sess\u00e3o, para garantir que os utilizadores que escrevem coment\u00e1rios no blogue s\u00e3o humanos e n\u00e3o aplica\u00e7\u00f5es automatizadas. Isto destina-se a combater o spam.<\/li>\n<\/ul>\n<p class=\"p1\">Este s\u00edtio Web utiliza os seguintes <strong>cookies de terceiros<\/strong>:<\/p>\n<ul>\n<li class=\"li1\">Google Analytics: Armazena cookies para compilar estat\u00edsticas sobre o tr\u00e1fego e o volume de visitas a este s\u00edtio Web. Ao utilizar este s\u00edtio Web, o utilizador est\u00e1 a consentir que a Google processe as informa\u00e7\u00f5es que lhe dizem respeito. Por conseguinte, o exerc\u00edcio de quaisquer direitos a este respeito deve ser feito atrav\u00e9s de comunica\u00e7\u00e3o direta com a Google.<\/li>\n<li class=\"li1\">Google Adwords: Utilizamos cookies do Google Adwords para acompanhar a atividade publicit\u00e1ria na rede Google e para poder oferecer publicidade adaptada ao utilizador.<\/li>\n<li class=\"li1\">Redes sociais: Cada rede social utiliza os seus pr\u00f3prios cookies para permitir ao utilizador clicar nos bot\u00f5es &#8220;Gosto&#8221; ou &#8220;Partilhar&#8221;.<\/li>\n<\/ul>\n<h3>Desativar ou eliminar cookies<\/h3>\n<p class=\"p1\">O utilizador pode exercer o seu direito de desativar ou eliminar os cookies deste s\u00edtio Web em qualquer altura. Estas a\u00e7\u00f5es s\u00e3o executadas de forma diferente consoante o navegador que estiver a utilizar.. <a href=\"http:\/\/www.bioinnovaciondental.com\/mas-informacion-sobre-las-cookies\/#navegadores\"><span class=\"s1\">Aqui est\u00e1 um guia r\u00e1pido para os browsers mais populares.<\/span><\/a><\/p>\n<h3>Notas adicionais<\/h3>\n<ul>\n<li class=\"li1\">Nem este s\u00edtio Web nem os seus representantes legais s\u00e3o respons\u00e1veis pelo conte\u00fado ou pela veracidade das pol\u00edticas de privacidade dos terceiros mencionados na presente pol\u00edtica de cookies.<\/li>\n<li class=\"li1\">Os navegadores Web s\u00e3o as ferramentas respons\u00e1veis pelo armazenamento dos cookies e, a partir deste local, o utilizador deve exercer o seu direito de os apagar ou desativar. Nem este s\u00edtio Web nem os seus representantes legais podem garantir o tratamento correto ou incorreto dos cookies por parte dos referidos navegadores.<\/li>\n<li class=\"li1\">Em alguns casos, \u00e9 necess\u00e1rio instalar cookies para que o navegador n\u00e3o esque\u00e7a a sua decis\u00e3o de n\u00e3o os aceitar.<\/li>\n<li class=\"li1\">No caso dos cookies do Google Analytics, o Google Analytics armazena os cookies em servidores localizados nos Estados Unidos e compromete-se a n\u00e3o os partilhar com terceiros, exceto quando tal for necess\u00e1rio para o funcionamento do sistema ou quando exigido por lei. De acordo com a Google, n\u00e3o armazena o seu endere\u00e7o IP. A Google Inc. \u00e9 membro do Acordo de Porto Seguro que garante que todos os dados transferidos ser\u00e3o tratados com um n\u00edvel de prote\u00e7\u00e3o em conformidade com os regulamentos europeus. Pode encontrar informa\u00e7\u00f5es pormenorizadas sobre este assunto <a href=\"http:\/\/safeharbor.export.gov\/companyinfo.aspx?id=16626\"><span class=\"s2\">nesta liga\u00e7\u00e3o<\/span><\/a>. Se pretender obter informa\u00e7\u00f5es sobre a forma como a Google utiliza os cookies, <a href=\"https:\/\/developers.google.com\/analytics\/devguides\/collection\/analyticsjs\/cookie-usage?hl=es&amp;csw=1\"><span class=\"s2\">siga esta liga\u00e7\u00e3o<\/span><\/a>.<\/li>\n<li class=\"li1\">Se tiver quaisquer d\u00favidas ou quest\u00f5es sobre esta pol\u00edtica de cookies, n\u00e3o hesite em contactar-nos atrav\u00e9s da sec\u00e7\u00e3o de contactos.<\/li>\n<\/ul>\n","protected":false},"excerpt":{"rendered":"<p>Pol\u00edtica de cookies Um cookie \u00e9 um pequeno ficheiro de texto que \u00e9 armazenado no seu browser quando visita quase todos os s\u00edtios Web. A sua utilidade \u00e9 que o s\u00edtio Web \u00e9 capaz de se lembrar da sua visita quando volta a navegar nessa p\u00e1gina. Os cookies armazenam geralmente informa\u00e7\u00f5es de natureza t\u00e9cnica, prefer\u00eancias [&hellip;]<\/p>\n","protected":false},"author":1,"featured_media":0,"parent":0,"menu_order":0,"comment_status":"closed","ping_status":"open","template":"","meta":{"_mi_skip_tracking":false},"acf":[],"yoast_head":"<!-- This site is optimized with the Yoast SEO plugin v18.8 - https:\/\/yoast.com\/wordpress\/plugins\/seo\/ -->\n<title>Pol\u00edtica de Cookies - Bioinnovaci\u00f3n Dental<\/title>\n<meta name=\"robots\" content=\"noindex, nofollow\" \/>\n<meta property=\"og:locale\" content=\"pt_PT\" \/>\n<meta property=\"og:type\" content=\"article\" \/>\n<meta property=\"og:title\" content=\"Pol\u00edtica de Cookies - Bioinnovaci\u00f3n Dental\" \/>\n<meta property=\"og:description\" content=\"Pol\u00edtica de cookies Um cookie \u00e9 um pequeno ficheiro de texto que \u00e9 armazenado no seu browser quando visita quase todos os s\u00edtios Web. A sua utilidade \u00e9 que o s\u00edtio Web \u00e9 capaz de se lembrar da sua visita quando volta a navegar nessa p\u00e1gina. Os cookies armazenam geralmente informa\u00e7\u00f5es de natureza t\u00e9cnica, prefer\u00eancias [&hellip;]\" \/>\n<meta property=\"og:url\" content=\"https:\/\/bioinnovaciondental.com\/pt-pt\/politica-de-cookies\/\" \/>\n<meta property=\"og:site_name\" content=\"Bioinnovaci\u00f3n Dental\" \/>\n<meta property=\"article:modified_time\" content=\"2023-06-14T10:21:35+00:00\" \/>\n<meta name=\"twitter:card\" content=\"summary_large_image\" \/>\n<meta name=\"twitter:label1\" content=\"Est. reading time\" \/>\n\t<meta name=\"twitter:data1\" content=\"3 minutos\" \/>\n<script type=\"application\/ld+json\" class=\"yoast-schema-graph\">{\"@context\":\"https:\/\/schema.org\",\"@graph\":[{\"@type\":\"Organization\",\"@id\":\"https:\/\/bioinnovaciondental.com\/pt-pt\/#organization\",\"name\":\"Bioinnovaci\u00f3n Dental\",\"url\":\"https:\/\/bioinnovaciondental.com\/pt-pt\/\",\"sameAs\":[],\"logo\":{\"@type\":\"ImageObject\",\"inLanguage\":\"pt-PT\",\"@id\":\"https:\/\/bioinnovaciondental.com\/pt-pt\/#\/schema\/logo\/image\/\",\"url\":\"https:\/\/bioinnovaciondental.com\/wp-content\/uploads\/2021\/06\/logo.png\",\"contentUrl\":\"https:\/\/bioinnovaciondental.com\/wp-content\/uploads\/2021\/06\/logo.png\",\"width\":299,\"height\":65,\"caption\":\"Bioinnovaci\u00f3n Dental\"},\"image\":{\"@id\":\"https:\/\/bioinnovaciondental.com\/pt-pt\/#\/schema\/logo\/image\/\"}},{\"@type\":\"WebSite\",\"@id\":\"https:\/\/bioinnovaciondental.com\/pt-pt\/#website\",\"url\":\"https:\/\/bioinnovaciondental.com\/pt-pt\/\",\"name\":\"Bioinnovaci\u00f3n Dental\",\"description\":\"Your Digital Odontology Team\",\"publisher\":{\"@id\":\"https:\/\/bioinnovaciondental.com\/pt-pt\/#organization\"},\"potentialAction\":[{\"@type\":\"SearchAction\",\"target\":{\"@type\":\"EntryPoint\",\"urlTemplate\":\"https:\/\/bioinnovaciondental.com\/pt-pt\/?s={search_term_string}\"},\"query-input\":\"required name=search_term_string\"}],\"inLanguage\":\"pt-PT\"},{\"@type\":\"WebPage\",\"@id\":\"https:\/\/bioinnovaciondental.com\/pt-pt\/politica-de-cookies\/#webpage\",\"url\":\"https:\/\/bioinnovaciondental.com\/pt-pt\/politica-de-cookies\/\",\"name\":\"Pol\u00edtica de Cookies - Bioinnovaci\u00f3n Dental\",\"isPartOf\":{\"@id\":\"https:\/\/bioinnovaciondental.com\/pt-pt\/#website\"},\"datePublished\":\"2022-05-04T10:45:25+00:00\",\"dateModified\":\"2023-06-14T10:21:35+00:00\",\"breadcrumb\":{\"@id\":\"https:\/\/bioinnovaciondental.com\/pt-pt\/politica-de-cookies\/#breadcrumb\"},\"inLanguage\":\"pt-PT\",\"potentialAction\":[{\"@type\":\"ReadAction\",\"target\":[\"https:\/\/bioinnovaciondental.com\/pt-pt\/politica-de-cookies\/\"]}]},{\"@type\":\"BreadcrumbList\",\"@id\":\"https:\/\/bioinnovaciondental.com\/pt-pt\/politica-de-cookies\/#breadcrumb\",\"itemListElement\":[{\"@type\":\"ListItem\",\"position\":1,\"name\":\"Portada\",\"item\":\"https:\/\/bioinnovaciondental.com\/pt-pt\/\"},{\"@type\":\"ListItem\",\"position\":2,\"name\":\"Pol\u00edtica de Cookies\"}]}]}<\/script>\n<!-- \/ Yoast SEO plugin. -->","yoast_head_json":{"title":"Pol\u00edtica de Cookies - Bioinnovaci\u00f3n Dental","robots":{"index":"noindex","follow":"nofollow"},"og_locale":"pt_PT","og_type":"article","og_title":"Pol\u00edtica de Cookies - Bioinnovaci\u00f3n Dental","og_description":"Pol\u00edtica de cookies Um cookie \u00e9 um pequeno ficheiro de texto que \u00e9 armazenado no seu browser quando visita quase todos os s\u00edtios Web. A sua utilidade \u00e9 que o s\u00edtio Web \u00e9 capaz de se lembrar da sua visita quando volta a navegar nessa p\u00e1gina. Os cookies armazenam geralmente informa\u00e7\u00f5es de natureza t\u00e9cnica, prefer\u00eancias [&hellip;]","og_url":"https:\/\/bioinnovaciondental.com\/pt-pt\/politica-de-cookies\/","og_site_name":"Bioinnovaci\u00f3n Dental","article_modified_time":"2023-06-14T10:21:35+00:00","twitter_card":"summary_large_image","twitter_misc":{"Est. reading time":"3 minutos"},"schema":{"@context":"https:\/\/schema.org","@graph":[{"@type":"Organization","@id":"https:\/\/bioinnovaciondental.com\/pt-pt\/#organization","name":"Bioinnovaci\u00f3n Dental","url":"https:\/\/bioinnovaciondental.com\/pt-pt\/","sameAs":[],"logo":{"@type":"ImageObject","inLanguage":"pt-PT","@id":"https:\/\/bioinnovaciondental.com\/pt-pt\/#\/schema\/logo\/image\/","url":"https:\/\/bioinnovaciondental.com\/wp-content\/uploads\/2021\/06\/logo.png","contentUrl":"https:\/\/bioinnovaciondental.com\/wp-content\/uploads\/2021\/06\/logo.png","width":299,"height":65,"caption":"Bioinnovaci\u00f3n Dental"},"image":{"@id":"https:\/\/bioinnovaciondental.com\/pt-pt\/#\/schema\/logo\/image\/"}},{"@type":"WebSite","@id":"https:\/\/bioinnovaciondental.com\/pt-pt\/#website","url":"https:\/\/bioinnovaciondental.com\/pt-pt\/","name":"Bioinnovaci\u00f3n Dental","description":"Your Digital Odontology Team","publisher":{"@id":"https:\/\/bioinnovaciondental.com\/pt-pt\/#organization"},"potentialAction":[{"@type":"SearchAction","target":{"@type":"EntryPoint","urlTemplate":"https:\/\/bioinnovaciondental.com\/pt-pt\/?s={search_term_string}"},"query-input":"required name=search_term_string"}],"inLanguage":"pt-PT"},{"@type":"WebPage","@id":"https:\/\/bioinnovaciondental.com\/pt-pt\/politica-de-cookies\/#webpage","url":"https:\/\/bioinnovaciondental.com\/pt-pt\/politica-de-cookies\/","name":"Pol\u00edtica de Cookies - Bioinnovaci\u00f3n Dental","isPartOf":{"@id":"https:\/\/bioinnovaciondental.com\/pt-pt\/#website"},"datePublished":"2022-05-04T10:45:25+00:00","dateModified":"2023-06-14T10:21:35+00:00","breadcrumb":{"@id":"https:\/\/bioinnovaciondental.com\/pt-pt\/politica-de-cookies\/#breadcrumb"},"inLanguage":"pt-PT","potentialAction":[{"@type":"ReadAction","target":["https:\/\/bioinnovaciondental.com\/pt-pt\/politica-de-cookies\/"]}]},{"@type":"BreadcrumbList","@id":"https:\/\/bioinnovaciondental.com\/pt-pt\/politica-de-cookies\/#breadcrumb","itemListElement":[{"@type":"ListItem","position":1,"name":"Portada","item":"https:\/\/bioinnovaciondental.com\/pt-pt\/"},{"@type":"ListItem","position":2,"name":"Pol\u00edtica de Cookies"}]}]}},"_links":{"self":[{"href":"https:\/\/bioinnovaciondental.com\/pt-pt\/wp-json\/wp\/v2\/pages\/1112"}],"collection":[{"href":"https:\/\/bioinnovaciondental.com\/pt-pt\/wp-json\/wp\/v2\/pages"}],"about":[{"href":"https:\/\/bioinnovaciondental.com\/pt-pt\/wp-json\/wp\/v2\/types\/page"}],"author":[{"embeddable":true,"href":"https:\/\/bioinnovaciondental.com\/pt-pt\/wp-json\/wp\/v2\/users\/1"}],"replies":[{"embeddable":true,"href":"https:\/\/bioinnovaciondental.com\/pt-pt\/wp-json\/wp\/v2\/comments?post=1112"}],"version-history":[{"count":2,"href":"https:\/\/bioinnovaciondental.com\/pt-pt\/wp-json\/wp\/v2\/pages\/1112\/revisions"}],"predecessor-version":[{"id":1184,"href":"https:\/\/bioinnovaciondental.com\/pt-pt\/wp-json\/wp\/v2\/pages\/1112\/revisions\/1184"}],"wp:attachment":[{"href":"https:\/\/bioinnovaciondental.com\/pt-pt\/wp-json\/wp\/v2\/media?parent=1112"}],"curies":[{"name":"wp","href":"https:\/\/api.w.org\/{rel}","templated":true}]}}