{"id":758,"date":"2021-06-01T08:43:59","date_gmt":"2021-06-01T08:43:59","guid":{"rendered":"https:\/\/bioinnovaciondental.com\/aviso-legal\/"},"modified":"2022-12-01T12:52:57","modified_gmt":"2022-12-01T12:52:57","slug":"mentions-legales","status":"publish","type":"page","link":"https:\/\/bioinnovaciondental.com\/fr\/mentions-legales\/","title":{"rendered":"Mentions L\u00e9gales"},"content":{"rendered":"<p><b>Merci d&rsquo;avoir acc\u00e9d\u00e9 \u00e0 notre site Web sur Internet.<\/b><\/p>\n<p class=\"p1\">Ce document r\u00e9git l&rsquo;utilisation du service que Bioinnovaci\u00f3n Dental S.L. fournit aux utilisateurs d&rsquo;Internet. L&rsquo;utilisation de ce site Web implique l&rsquo;acceptation de ces conditions, qui peuvent \u00eatre modifi\u00e9es \u00e0 tout moment par Bioinnovaci\u00f3n Dental S.L.<\/p>\n<p><b>Protection des donn\u00e9es<\/b><\/p>\n<p class=\"p1\">Bioinnovaci\u00f3n Dental S.L. s&rsquo;engage \u00e0 traiter en toute confidentialit\u00e9 l&rsquo;ensemble des donn\u00e9es fournies par les visiteurs de son site Web sur Internet.<\/p>\n<p class=\"p1\">Toutes les donn\u00e9es seront incluses dans un fichier conserv\u00e9 conform\u00e9ment aux devoirs de confidentialit\u00e9 et de s\u00e9curit\u00e9 impos\u00e9s conform\u00e9ment \u00e0 la loi organique 15\/1999, du 13 d\u00e9cembre 1999.<\/p>\n<p class=\"p1\">L&rsquo;utilisateur peut \u00e0 tout moment acc\u00e9der \u00e0 ses donn\u00e9es, les modifier ou les annuler, par courriel adress\u00e9 \u00e0 info@bioinnovaciondental.com<\/p>\n<p><b>Propri\u00e9t\u00e9 intellectuelle<\/b><\/p>\n<p class=\"p1\">Ce site Web et son contenu sont prot\u00e9g\u00e9s par les lois espagnoles et internationales sur la propri\u00e9t\u00e9 intellectuelle et industrielle.<\/p>\n<p class=\"p1\">La reproduction totale ou partielle de ce site Web est formellement interdite sans l&rsquo;autorisation \u00e9crite et expresse de Bioinnovaci\u00f3n Dental\u00a0S.L.<\/p>\n<p><b>Information Loi 34\/2002<\/b><\/p>\n<p class=\"p1\">Conform\u00e9ment aux dispositions de la loi 34\/2002, du 11 juillet 2002, sur les services de la soci\u00e9t\u00e9 de l&rsquo;information, les donn\u00e9es et informations g\u00e9n\u00e9rales relatives \u00e0 ce site Web sont les suivantes\u00a0:<\/p>\n<ul>\n<li class=\"li1\">Bioinnovaci\u00f3n Dental S.L.<\/li>\n<li class=\"li1\">Pol\u00edgono Industrial de Mutilva. CalleV, nave 24 \/ 31192 Mutilva \u2014 Navarre (Espagne)<\/li>\n<li class=\"li1\">Code d\u2019identification fiscale\u00a0: B 31881410<\/li>\n<li class=\"li1\"><span class=\"s2\">Courriel\u00a0: <a href=\"mailto:info@bioinnovaciondental.com\"><span class=\"s3\">info@bioinnovaciondental.com<\/span><\/a><\/span><\/li>\n<\/ul>\n<p><b>Informations concernant l&rsquo;utilisation de l&rsquo;adresse de contact indiqu\u00e9e sur le site Web<\/b><\/p>\n<p class=\"p1\">L&rsquo;envoi d&rsquo;un courriel \u00e0 l&rsquo;aide des adresses de contact figurant sur la page implique le consentement expr\u00e8s de l&rsquo;utilisateur pour l&rsquo;utilisation de son adresse \u00e9lectronique par Bioinnovaci\u00f3n Dental S.L., afin de r\u00e9pondre \u00e0 sa demande par l&rsquo;envoi d&rsquo;un courriel et, le cas \u00e9ch\u00e9ant, pour lui r\u00e9pondre par tout autre moyen \u00e9lectronique de communication \u00e9quivalant \u00e0 un courriel.<\/p>\n<p><b>Clause relative aux droits d&rsquo;auteur et aux droits de propri\u00e9t\u00e9 industrielle<\/b><\/p>\n<p class=\"p1\">Il appartient exclusivement \u00e0 Bioinnovaci\u00f3n Dental S.L. d\u2019exercer les droits d&rsquo;auteur relatifs \u00e0 ce site Web, et tout acte de distribution ou de communication publique, de reproduction ou de stockage total ou partiel doit \u00eatre effectu\u00e9 avec l&rsquo;accord pr\u00e9alable des responsables de Bioinnovaci\u00f3n Dental S.L.<\/p>\n<p class=\"p1\">Ce site Web contient des liens vers d&rsquo;autres sites Web g\u00e9r\u00e9s par des tiers. Le but de ces liens est de fournir, aux utilisateurs, d&rsquo;autres sources d&rsquo;informations existantes sur le r\u00e9seau et susceptibles de les int\u00e9resser. Bioinnovaci\u00f3n Dental S.L.se saurait en aucun cas \u00eatre tenu responsable des informations mentionn\u00e9es dans ces liens, de sorte que l&rsquo;utilisateur acc\u00e8de au contenu et aux conditions d&rsquo;utilisation qui les r\u00e9gissent sous son enti\u00e8re responsabilit\u00e9.<\/p>\n<p class=\"p1\">Bioinnovaci\u00f3n Dental S.L. ne garantit pas que son site Web soit toujours op\u00e9rationnel, ni que son contenu soit complet ou exact en permanence.<\/p>\n<p class=\"p1\">Bioinnovaci\u00f3n Dental S.L. ne sera pas tenu responsable des dommages directs ou indirects r\u00e9sultant de l&rsquo;utilisation ou des informations d\u00e9crites sur ce site Web.<\/p>\n<p class=\"p1\">Bioinnovaci\u00f3n Dental S.L. se r\u00e9serve donc le droit de modifier les sp\u00e9cifications des produits et services de ce site Web.<\/p>\n","protected":false},"excerpt":{"rendered":"<p>Merci d&rsquo;avoir acc\u00e9d\u00e9 \u00e0 notre site Web sur Internet. Ce document r\u00e9git l&rsquo;utilisation du service que Bioinnovaci\u00f3n Dental S.L. fournit aux utilisateurs d&rsquo;Internet. L&rsquo;utilisation de ce site Web implique l&rsquo;acceptation de ces conditions, qui peuvent \u00eatre modifi\u00e9es \u00e0 tout moment par Bioinnovaci\u00f3n Dental S.L. Protection des donn\u00e9es Bioinnovaci\u00f3n Dental S.L. s&rsquo;engage \u00e0 traiter en toute [&hellip;]<\/p>\n","protected":false},"author":1,"featured_media":0,"parent":0,"menu_order":0,"comment_status":"closed","ping_status":"open","template":"","meta":{"_mi_skip_tracking":false},"acf":[],"yoast_head":"<!-- This site is optimized with the Yoast SEO plugin v18.8 - https:\/\/yoast.com\/wordpress\/plugins\/seo\/ -->\n<title>Mentions L\u00e9gales - Bioinnovaci\u00f3n Dental<\/title>\n<meta name=\"robots\" content=\"noindex, nofollow\" \/>\n<meta property=\"og:locale\" content=\"fr_FR\" \/>\n<meta property=\"og:type\" content=\"article\" \/>\n<meta property=\"og:title\" content=\"Mentions L\u00e9gales - Bioinnovaci\u00f3n Dental\" \/>\n<meta property=\"og:description\" content=\"Merci d&rsquo;avoir acc\u00e9d\u00e9 \u00e0 notre site Web sur Internet. Ce document r\u00e9git l&rsquo;utilisation du service que Bioinnovaci\u00f3n Dental S.L. fournit aux utilisateurs d&rsquo;Internet. L&rsquo;utilisation de ce site Web implique l&rsquo;acceptation de ces conditions, qui peuvent \u00eatre modifi\u00e9es \u00e0 tout moment par Bioinnovaci\u00f3n Dental S.L. Protection des donn\u00e9es Bioinnovaci\u00f3n Dental S.L. s&rsquo;engage \u00e0 traiter en toute [&hellip;]\" \/>\n<meta property=\"og:url\" content=\"https:\/\/bioinnovaciondental.com\/fr\/mentions-legales\/\" \/>\n<meta property=\"og:site_name\" content=\"Bioinnovaci\u00f3n Dental\" \/>\n<meta property=\"article:modified_time\" content=\"2022-12-01T12:52:57+00:00\" \/>\n<meta name=\"twitter:card\" content=\"summary_large_image\" \/>\n<meta name=\"twitter:label1\" content=\"Est. reading time\" \/>\n\t<meta name=\"twitter:data1\" content=\"3 minutes\" \/>\n<script type=\"application\/ld+json\" class=\"yoast-schema-graph\">{\"@context\":\"https:\/\/schema.org\",\"@graph\":[{\"@type\":\"Organization\",\"@id\":\"https:\/\/bioinnovaciondental.com\/fr\/#organization\",\"name\":\"Bioinnovaci\u00f3n Dental\",\"url\":\"https:\/\/bioinnovaciondental.com\/fr\/\",\"sameAs\":[],\"logo\":{\"@type\":\"ImageObject\",\"inLanguage\":\"fr-FR\",\"@id\":\"https:\/\/bioinnovaciondental.com\/fr\/#\/schema\/logo\/image\/\",\"url\":\"https:\/\/bioinnovaciondental.com\/wp-content\/uploads\/2021\/06\/logo.png\",\"contentUrl\":\"https:\/\/bioinnovaciondental.com\/wp-content\/uploads\/2021\/06\/logo.png\",\"width\":299,\"height\":65,\"caption\":\"Bioinnovaci\u00f3n Dental\"},\"image\":{\"@id\":\"https:\/\/bioinnovaciondental.com\/fr\/#\/schema\/logo\/image\/\"}},{\"@type\":\"WebSite\",\"@id\":\"https:\/\/bioinnovaciondental.com\/fr\/#website\",\"url\":\"https:\/\/bioinnovaciondental.com\/fr\/\",\"name\":\"Bioinnovaci\u00f3n Dental\",\"description\":\"Your Digital Odontology Team\",\"publisher\":{\"@id\":\"https:\/\/bioinnovaciondental.com\/fr\/#organization\"},\"potentialAction\":[{\"@type\":\"SearchAction\",\"target\":{\"@type\":\"EntryPoint\",\"urlTemplate\":\"https:\/\/bioinnovaciondental.com\/fr\/?s={search_term_string}\"},\"query-input\":\"required name=search_term_string\"}],\"inLanguage\":\"fr-FR\"},{\"@type\":\"WebPage\",\"@id\":\"https:\/\/bioinnovaciondental.com\/fr\/mentions-legales\/#webpage\",\"url\":\"https:\/\/bioinnovaciondental.com\/fr\/mentions-legales\/\",\"name\":\"Mentions L\u00e9gales - Bioinnovaci\u00f3n Dental\",\"isPartOf\":{\"@id\":\"https:\/\/bioinnovaciondental.com\/fr\/#website\"},\"datePublished\":\"2021-06-01T08:43:59+00:00\",\"dateModified\":\"2022-12-01T12:52:57+00:00\",\"breadcrumb\":{\"@id\":\"https:\/\/bioinnovaciondental.com\/fr\/mentions-legales\/#breadcrumb\"},\"inLanguage\":\"fr-FR\",\"potentialAction\":[{\"@type\":\"ReadAction\",\"target\":[\"https:\/\/bioinnovaciondental.com\/fr\/mentions-legales\/\"]}]},{\"@type\":\"BreadcrumbList\",\"@id\":\"https:\/\/bioinnovaciondental.com\/fr\/mentions-legales\/#breadcrumb\",\"itemListElement\":[{\"@type\":\"ListItem\",\"position\":1,\"name\":\"Portada\",\"item\":\"https:\/\/bioinnovaciondental.com\/fr\/\"},{\"@type\":\"ListItem\",\"position\":2,\"name\":\"Mentions L\u00e9gales\"}]}]}<\/script>\n<!-- \/ Yoast SEO plugin. -->","yoast_head_json":{"title":"Mentions L\u00e9gales - Bioinnovaci\u00f3n Dental","robots":{"index":"noindex","follow":"nofollow"},"og_locale":"fr_FR","og_type":"article","og_title":"Mentions L\u00e9gales - Bioinnovaci\u00f3n Dental","og_description":"Merci d&rsquo;avoir acc\u00e9d\u00e9 \u00e0 notre site Web sur Internet. Ce document r\u00e9git l&rsquo;utilisation du service que Bioinnovaci\u00f3n Dental S.L. fournit aux utilisateurs d&rsquo;Internet. L&rsquo;utilisation de ce site Web implique l&rsquo;acceptation de ces conditions, qui peuvent \u00eatre modifi\u00e9es \u00e0 tout moment par Bioinnovaci\u00f3n Dental S.L. Protection des donn\u00e9es Bioinnovaci\u00f3n Dental S.L. s&rsquo;engage \u00e0 traiter en toute [&hellip;]","og_url":"https:\/\/bioinnovaciondental.com\/fr\/mentions-legales\/","og_site_name":"Bioinnovaci\u00f3n Dental","article_modified_time":"2022-12-01T12:52:57+00:00","twitter_card":"summary_large_image","twitter_misc":{"Est. reading time":"3 minutes"},"schema":{"@context":"https:\/\/schema.org","@graph":[{"@type":"Organization","@id":"https:\/\/bioinnovaciondental.com\/fr\/#organization","name":"Bioinnovaci\u00f3n Dental","url":"https:\/\/bioinnovaciondental.com\/fr\/","sameAs":[],"logo":{"@type":"ImageObject","inLanguage":"fr-FR","@id":"https:\/\/bioinnovaciondental.com\/fr\/#\/schema\/logo\/image\/","url":"https:\/\/bioinnovaciondental.com\/wp-content\/uploads\/2021\/06\/logo.png","contentUrl":"https:\/\/bioinnovaciondental.com\/wp-content\/uploads\/2021\/06\/logo.png","width":299,"height":65,"caption":"Bioinnovaci\u00f3n Dental"},"image":{"@id":"https:\/\/bioinnovaciondental.com\/fr\/#\/schema\/logo\/image\/"}},{"@type":"WebSite","@id":"https:\/\/bioinnovaciondental.com\/fr\/#website","url":"https:\/\/bioinnovaciondental.com\/fr\/","name":"Bioinnovaci\u00f3n Dental","description":"Your Digital Odontology Team","publisher":{"@id":"https:\/\/bioinnovaciondental.com\/fr\/#organization"},"potentialAction":[{"@type":"SearchAction","target":{"@type":"EntryPoint","urlTemplate":"https:\/\/bioinnovaciondental.com\/fr\/?s={search_term_string}"},"query-input":"required name=search_term_string"}],"inLanguage":"fr-FR"},{"@type":"WebPage","@id":"https:\/\/bioinnovaciondental.com\/fr\/mentions-legales\/#webpage","url":"https:\/\/bioinnovaciondental.com\/fr\/mentions-legales\/","name":"Mentions L\u00e9gales - Bioinnovaci\u00f3n Dental","isPartOf":{"@id":"https:\/\/bioinnovaciondental.com\/fr\/#website"},"datePublished":"2021-06-01T08:43:59+00:00","dateModified":"2022-12-01T12:52:57+00:00","breadcrumb":{"@id":"https:\/\/bioinnovaciondental.com\/fr\/mentions-legales\/#breadcrumb"},"inLanguage":"fr-FR","potentialAction":[{"@type":"ReadAction","target":["https:\/\/bioinnovaciondental.com\/fr\/mentions-legales\/"]}]},{"@type":"BreadcrumbList","@id":"https:\/\/bioinnovaciondental.com\/fr\/mentions-legales\/#breadcrumb","itemListElement":[{"@type":"ListItem","position":1,"name":"Portada","item":"https:\/\/bioinnovaciondental.com\/fr\/"},{"@type":"ListItem","position":2,"name":"Mentions L\u00e9gales"}]}]}},"_links":{"self":[{"href":"https:\/\/bioinnovaciondental.com\/fr\/wp-json\/wp\/v2\/pages\/758"}],"collection":[{"href":"https:\/\/bioinnovaciondental.com\/fr\/wp-json\/wp\/v2\/pages"}],"about":[{"href":"https:\/\/bioinnovaciondental.com\/fr\/wp-json\/wp\/v2\/types\/page"}],"author":[{"embeddable":true,"href":"https:\/\/bioinnovaciondental.com\/fr\/wp-json\/wp\/v2\/users\/1"}],"replies":[{"embeddable":true,"href":"https:\/\/bioinnovaciondental.com\/fr\/wp-json\/wp\/v2\/comments?post=758"}],"version-history":[{"count":2,"href":"https:\/\/bioinnovaciondental.com\/fr\/wp-json\/wp\/v2\/pages\/758\/revisions"}],"predecessor-version":[{"id":810,"href":"https:\/\/bioinnovaciondental.com\/fr\/wp-json\/wp\/v2\/pages\/758\/revisions\/810"}],"wp:attachment":[{"href":"https:\/\/bioinnovaciondental.com\/fr\/wp-json\/wp\/v2\/media?parent=758"}],"curies":[{"name":"wp","href":"https:\/\/api.w.org\/{rel}","templated":true}]}}