{"id":746,"date":"2021-06-21T08:36:07","date_gmt":"2021-06-21T08:36:07","guid":{"rendered":"https:\/\/bioinnovaciondental.com\/exocad\/"},"modified":"2022-12-02T14:02:43","modified_gmt":"2022-12-02T14:02:43","slug":"exocad","status":"publish","type":"page","link":"https:\/\/bioinnovaciondental.com\/fr\/exocad\/","title":{"rendered":"Exocad"},"content":{"rendered":"","protected":false},"excerpt":{"rendered":"","protected":false},"author":1,"featured_media":0,"parent":0,"menu_order":0,"comment_status":"closed","ping_status":"closed","template":"","meta":{"_mi_skip_tracking":false},"acf":[],"yoast_head":"<!-- This site is optimized with the Yoast SEO plugin v18.8 - https:\/\/yoast.com\/wordpress\/plugins\/seo\/ -->\n<title>Exocad - Bioinnovaci\u00f3n Dental<\/title>\n<meta name=\"description\" content=\"Bioinnovaci\u00f3n Dental es distribuidor autorizado de Exocad, por lo que ofrecemos el amplio cat\u00e1logo de m\u00f3dulos dentales de esta marca l\u00edder.\" \/>\n<meta name=\"robots\" content=\"index, follow, max-snippet:-1, max-image-preview:large, max-video-preview:-1\" \/>\n<link rel=\"canonical\" href=\"https:\/\/bioinnovaciondental.com\/fr\/exocad\/\" \/>\n<meta property=\"og:locale\" content=\"fr_FR\" \/>\n<meta property=\"og:type\" content=\"article\" \/>\n<meta property=\"og:title\" content=\"Exocad - Bioinnovaci\u00f3n Dental\" \/>\n<meta property=\"og:description\" content=\"Bioinnovaci\u00f3n Dental es distribuidor autorizado de Exocad, por lo que ofrecemos el amplio cat\u00e1logo de m\u00f3dulos dentales de esta marca l\u00edder.\" \/>\n<meta property=\"og:url\" content=\"https:\/\/bioinnovaciondental.com\/fr\/exocad\/\" \/>\n<meta property=\"og:site_name\" content=\"Bioinnovaci\u00f3n Dental\" \/>\n<meta property=\"article:modified_time\" content=\"2022-12-02T14:02:43+00:00\" \/>\n<meta name=\"twitter:card\" content=\"summary_large_image\" \/>\n<script type=\"application\/ld+json\" class=\"yoast-schema-graph\">{\"@context\":\"https:\/\/schema.org\",\"@graph\":[{\"@type\":\"Organization\",\"@id\":\"https:\/\/bioinnovaciondental.com\/fr\/#organization\",\"name\":\"Bioinnovaci\u00f3n Dental\",\"url\":\"https:\/\/bioinnovaciondental.com\/fr\/\",\"sameAs\":[],\"logo\":{\"@type\":\"ImageObject\",\"inLanguage\":\"fr-FR\",\"@id\":\"https:\/\/bioinnovaciondental.com\/fr\/#\/schema\/logo\/image\/\",\"url\":\"https:\/\/bioinnovaciondental.com\/wp-content\/uploads\/2021\/06\/logo.png\",\"contentUrl\":\"https:\/\/bioinnovaciondental.com\/wp-content\/uploads\/2021\/06\/logo.png\",\"width\":299,\"height\":65,\"caption\":\"Bioinnovaci\u00f3n Dental\"},\"image\":{\"@id\":\"https:\/\/bioinnovaciondental.com\/fr\/#\/schema\/logo\/image\/\"}},{\"@type\":\"WebSite\",\"@id\":\"https:\/\/bioinnovaciondental.com\/fr\/#website\",\"url\":\"https:\/\/bioinnovaciondental.com\/fr\/\",\"name\":\"Bioinnovaci\u00f3n Dental\",\"description\":\"Your Digital Odontology Team\",\"publisher\":{\"@id\":\"https:\/\/bioinnovaciondental.com\/fr\/#organization\"},\"potentialAction\":[{\"@type\":\"SearchAction\",\"target\":{\"@type\":\"EntryPoint\",\"urlTemplate\":\"https:\/\/bioinnovaciondental.com\/fr\/?s={search_term_string}\"},\"query-input\":\"required name=search_term_string\"}],\"inLanguage\":\"fr-FR\"},{\"@type\":\"WebPage\",\"@id\":\"https:\/\/bioinnovaciondental.com\/fr\/exocad\/#webpage\",\"url\":\"https:\/\/bioinnovaciondental.com\/fr\/exocad\/\",\"name\":\"Exocad - Bioinnovaci\u00f3n Dental\",\"isPartOf\":{\"@id\":\"https:\/\/bioinnovaciondental.com\/fr\/#website\"},\"datePublished\":\"2021-06-21T08:36:07+00:00\",\"dateModified\":\"2022-12-02T14:02:43+00:00\",\"description\":\"Bioinnovaci\u00f3n Dental es distribuidor autorizado de Exocad, por lo que ofrecemos el amplio cat\u00e1logo de m\u00f3dulos dentales de esta marca l\u00edder.\",\"breadcrumb\":{\"@id\":\"https:\/\/bioinnovaciondental.com\/fr\/exocad\/#breadcrumb\"},\"inLanguage\":\"fr-FR\",\"potentialAction\":[{\"@type\":\"ReadAction\",\"target\":[\"https:\/\/bioinnovaciondental.com\/fr\/exocad\/\"]}]},{\"@type\":\"BreadcrumbList\",\"@id\":\"https:\/\/bioinnovaciondental.com\/fr\/exocad\/#breadcrumb\",\"itemListElement\":[{\"@type\":\"ListItem\",\"position\":1,\"name\":\"Portada\",\"item\":\"https:\/\/bioinnovaciondental.com\/fr\/\"},{\"@type\":\"ListItem\",\"position\":2,\"name\":\"Exocad\"}]}]}<\/script>\n<!-- \/ Yoast SEO plugin. -->","yoast_head_json":{"title":"Exocad - Bioinnovaci\u00f3n Dental","description":"Bioinnovaci\u00f3n Dental es distribuidor autorizado de Exocad, por lo que ofrecemos el amplio cat\u00e1logo de m\u00f3dulos dentales de esta marca l\u00edder.","robots":{"index":"index","follow":"follow","max-snippet":"max-snippet:-1","max-image-preview":"max-image-preview:large","max-video-preview":"max-video-preview:-1"},"canonical":"https:\/\/bioinnovaciondental.com\/fr\/exocad\/","og_locale":"fr_FR","og_type":"article","og_title":"Exocad - Bioinnovaci\u00f3n Dental","og_description":"Bioinnovaci\u00f3n Dental es distribuidor autorizado de Exocad, por lo que ofrecemos el amplio cat\u00e1logo de m\u00f3dulos dentales de esta marca l\u00edder.","og_url":"https:\/\/bioinnovaciondental.com\/fr\/exocad\/","og_site_name":"Bioinnovaci\u00f3n Dental","article_modified_time":"2022-12-02T14:02:43+00:00","twitter_card":"summary_large_image","schema":{"@context":"https:\/\/schema.org","@graph":[{"@type":"Organization","@id":"https:\/\/bioinnovaciondental.com\/fr\/#organization","name":"Bioinnovaci\u00f3n Dental","url":"https:\/\/bioinnovaciondental.com\/fr\/","sameAs":[],"logo":{"@type":"ImageObject","inLanguage":"fr-FR","@id":"https:\/\/bioinnovaciondental.com\/fr\/#\/schema\/logo\/image\/","url":"https:\/\/bioinnovaciondental.com\/wp-content\/uploads\/2021\/06\/logo.png","contentUrl":"https:\/\/bioinnovaciondental.com\/wp-content\/uploads\/2021\/06\/logo.png","width":299,"height":65,"caption":"Bioinnovaci\u00f3n Dental"},"image":{"@id":"https:\/\/bioinnovaciondental.com\/fr\/#\/schema\/logo\/image\/"}},{"@type":"WebSite","@id":"https:\/\/bioinnovaciondental.com\/fr\/#website","url":"https:\/\/bioinnovaciondental.com\/fr\/","name":"Bioinnovaci\u00f3n Dental","description":"Your Digital Odontology Team","publisher":{"@id":"https:\/\/bioinnovaciondental.com\/fr\/#organization"},"potentialAction":[{"@type":"SearchAction","target":{"@type":"EntryPoint","urlTemplate":"https:\/\/bioinnovaciondental.com\/fr\/?s={search_term_string}"},"query-input":"required name=search_term_string"}],"inLanguage":"fr-FR"},{"@type":"WebPage","@id":"https:\/\/bioinnovaciondental.com\/fr\/exocad\/#webpage","url":"https:\/\/bioinnovaciondental.com\/fr\/exocad\/","name":"Exocad - Bioinnovaci\u00f3n Dental","isPartOf":{"@id":"https:\/\/bioinnovaciondental.com\/fr\/#website"},"datePublished":"2021-06-21T08:36:07+00:00","dateModified":"2022-12-02T14:02:43+00:00","description":"Bioinnovaci\u00f3n Dental es distribuidor autorizado de Exocad, por lo que ofrecemos el amplio cat\u00e1logo de m\u00f3dulos dentales de esta marca l\u00edder.","breadcrumb":{"@id":"https:\/\/bioinnovaciondental.com\/fr\/exocad\/#breadcrumb"},"inLanguage":"fr-FR","potentialAction":[{"@type":"ReadAction","target":["https:\/\/bioinnovaciondental.com\/fr\/exocad\/"]}]},{"@type":"BreadcrumbList","@id":"https:\/\/bioinnovaciondental.com\/fr\/exocad\/#breadcrumb","itemListElement":[{"@type":"ListItem","position":1,"name":"Portada","item":"https:\/\/bioinnovaciondental.com\/fr\/"},{"@type":"ListItem","position":2,"name":"Exocad"}]}]}},"_links":{"self":[{"href":"https:\/\/bioinnovaciondental.com\/fr\/wp-json\/wp\/v2\/pages\/746"}],"collection":[{"href":"https:\/\/bioinnovaciondental.com\/fr\/wp-json\/wp\/v2\/pages"}],"about":[{"href":"https:\/\/bioinnovaciondental.com\/fr\/wp-json\/wp\/v2\/types\/page"}],"author":[{"embeddable":true,"href":"https:\/\/bioinnovaciondental.com\/fr\/wp-json\/wp\/v2\/users\/1"}],"replies":[{"embeddable":true,"href":"https:\/\/bioinnovaciondental.com\/fr\/wp-json\/wp\/v2\/comments?post=746"}],"version-history":[{"count":3,"href":"https:\/\/bioinnovaciondental.com\/fr\/wp-json\/wp\/v2\/pages\/746\/revisions"}],"predecessor-version":[{"id":860,"href":"https:\/\/bioinnovaciondental.com\/fr\/wp-json\/wp\/v2\/pages\/746\/revisions\/860"}],"wp:attachment":[{"href":"https:\/\/bioinnovaciondental.com\/fr\/wp-json\/wp\/v2\/media?parent=746"}],"curies":[{"name":"wp","href":"https:\/\/api.w.org\/{rel}","templated":true}]}}