{"id":727,"date":"2021-06-25T06:32:29","date_gmt":"2021-06-25T06:32:29","guid":{"rendered":"https:\/\/bioinnovaciondental.com\/corona-pilar\/"},"modified":"2022-11-28T12:53:45","modified_gmt":"2022-11-28T12:53:45","slug":"couronne-pilier","status":"publish","type":"page","link":"https:\/\/bioinnovaciondental.com\/fr\/couronne-pilier\/","title":{"rendered":"Couronne &#8211; Pilier"},"content":{"rendered":"","protected":false},"excerpt":{"rendered":"","protected":false},"author":1,"featured_media":0,"parent":0,"menu_order":0,"comment_status":"closed","ping_status":"closed","template":"","meta":{"_mi_skip_tracking":false},"acf":[],"yoast_head":"<!-- This site is optimized with the Yoast SEO plugin v18.8 - https:\/\/yoast.com\/wordpress\/plugins\/seo\/ -->\n<title>Couronne - Pilier - Bioinnovaci\u00f3n Dental<\/title>\n<meta name=\"description\" content=\"En Bioinovaci\u00f3n Dental, dise\u00f1amos Coronas y Pilares en cualquier tama\u00f1o, utilizando las t\u00e9cnicas de Fresado, Sintex o Interfase.\" \/>\n<meta name=\"robots\" content=\"index, follow, max-snippet:-1, max-image-preview:large, max-video-preview:-1\" \/>\n<link rel=\"canonical\" href=\"https:\/\/bioinnovaciondental.com\/fr\/couronne-pilier\/\" \/>\n<meta property=\"og:locale\" content=\"fr_FR\" \/>\n<meta property=\"og:type\" content=\"article\" \/>\n<meta property=\"og:title\" content=\"Couronne - Pilier - Bioinnovaci\u00f3n Dental\" \/>\n<meta property=\"og:description\" content=\"En Bioinovaci\u00f3n Dental, dise\u00f1amos Coronas y Pilares en cualquier tama\u00f1o, utilizando las t\u00e9cnicas de Fresado, Sintex o Interfase.\" \/>\n<meta property=\"og:url\" content=\"https:\/\/bioinnovaciondental.com\/fr\/couronne-pilier\/\" \/>\n<meta property=\"og:site_name\" content=\"Bioinnovaci\u00f3n Dental\" \/>\n<meta property=\"article:modified_time\" content=\"2022-11-28T12:53:45+00:00\" \/>\n<meta name=\"twitter:card\" content=\"summary_large_image\" \/>\n<script type=\"application\/ld+json\" class=\"yoast-schema-graph\">{\"@context\":\"https:\/\/schema.org\",\"@graph\":[{\"@type\":\"Organization\",\"@id\":\"https:\/\/bioinnovaciondental.com\/fr\/#organization\",\"name\":\"Bioinnovaci\u00f3n Dental\",\"url\":\"https:\/\/bioinnovaciondental.com\/fr\/\",\"sameAs\":[],\"logo\":{\"@type\":\"ImageObject\",\"inLanguage\":\"fr-FR\",\"@id\":\"https:\/\/bioinnovaciondental.com\/fr\/#\/schema\/logo\/image\/\",\"url\":\"https:\/\/bioinnovaciondental.com\/wp-content\/uploads\/2021\/06\/logo.png\",\"contentUrl\":\"https:\/\/bioinnovaciondental.com\/wp-content\/uploads\/2021\/06\/logo.png\",\"width\":299,\"height\":65,\"caption\":\"Bioinnovaci\u00f3n Dental\"},\"image\":{\"@id\":\"https:\/\/bioinnovaciondental.com\/fr\/#\/schema\/logo\/image\/\"}},{\"@type\":\"WebSite\",\"@id\":\"https:\/\/bioinnovaciondental.com\/fr\/#website\",\"url\":\"https:\/\/bioinnovaciondental.com\/fr\/\",\"name\":\"Bioinnovaci\u00f3n Dental\",\"description\":\"Your Digital Odontology Team\",\"publisher\":{\"@id\":\"https:\/\/bioinnovaciondental.com\/fr\/#organization\"},\"potentialAction\":[{\"@type\":\"SearchAction\",\"target\":{\"@type\":\"EntryPoint\",\"urlTemplate\":\"https:\/\/bioinnovaciondental.com\/fr\/?s={search_term_string}\"},\"query-input\":\"required name=search_term_string\"}],\"inLanguage\":\"fr-FR\"},{\"@type\":\"WebPage\",\"@id\":\"https:\/\/bioinnovaciondental.com\/fr\/couronne-pilier\/#webpage\",\"url\":\"https:\/\/bioinnovaciondental.com\/fr\/couronne-pilier\/\",\"name\":\"Couronne - Pilier - Bioinnovaci\u00f3n Dental\",\"isPartOf\":{\"@id\":\"https:\/\/bioinnovaciondental.com\/fr\/#website\"},\"datePublished\":\"2021-06-25T06:32:29+00:00\",\"dateModified\":\"2022-11-28T12:53:45+00:00\",\"description\":\"En Bioinovaci\u00f3n Dental, dise\u00f1amos Coronas y Pilares en cualquier tama\u00f1o, utilizando las t\u00e9cnicas de Fresado, Sintex o Interfase.\",\"breadcrumb\":{\"@id\":\"https:\/\/bioinnovaciondental.com\/fr\/couronne-pilier\/#breadcrumb\"},\"inLanguage\":\"fr-FR\",\"potentialAction\":[{\"@type\":\"ReadAction\",\"target\":[\"https:\/\/bioinnovaciondental.com\/fr\/couronne-pilier\/\"]}]},{\"@type\":\"BreadcrumbList\",\"@id\":\"https:\/\/bioinnovaciondental.com\/fr\/couronne-pilier\/#breadcrumb\",\"itemListElement\":[{\"@type\":\"ListItem\",\"position\":1,\"name\":\"Portada\",\"item\":\"https:\/\/bioinnovaciondental.com\/fr\/\"},{\"@type\":\"ListItem\",\"position\":2,\"name\":\"Couronne &#8211; Pilier\"}]}]}<\/script>\n<!-- \/ Yoast SEO plugin. -->","yoast_head_json":{"title":"Couronne - Pilier - Bioinnovaci\u00f3n Dental","description":"En Bioinovaci\u00f3n Dental, dise\u00f1amos Coronas y Pilares en cualquier tama\u00f1o, utilizando las t\u00e9cnicas de Fresado, Sintex o Interfase.","robots":{"index":"index","follow":"follow","max-snippet":"max-snippet:-1","max-image-preview":"max-image-preview:large","max-video-preview":"max-video-preview:-1"},"canonical":"https:\/\/bioinnovaciondental.com\/fr\/couronne-pilier\/","og_locale":"fr_FR","og_type":"article","og_title":"Couronne - Pilier - Bioinnovaci\u00f3n Dental","og_description":"En Bioinovaci\u00f3n Dental, dise\u00f1amos Coronas y Pilares en cualquier tama\u00f1o, utilizando las t\u00e9cnicas de Fresado, Sintex o Interfase.","og_url":"https:\/\/bioinnovaciondental.com\/fr\/couronne-pilier\/","og_site_name":"Bioinnovaci\u00f3n Dental","article_modified_time":"2022-11-28T12:53:45+00:00","twitter_card":"summary_large_image","schema":{"@context":"https:\/\/schema.org","@graph":[{"@type":"Organization","@id":"https:\/\/bioinnovaciondental.com\/fr\/#organization","name":"Bioinnovaci\u00f3n Dental","url":"https:\/\/bioinnovaciondental.com\/fr\/","sameAs":[],"logo":{"@type":"ImageObject","inLanguage":"fr-FR","@id":"https:\/\/bioinnovaciondental.com\/fr\/#\/schema\/logo\/image\/","url":"https:\/\/bioinnovaciondental.com\/wp-content\/uploads\/2021\/06\/logo.png","contentUrl":"https:\/\/bioinnovaciondental.com\/wp-content\/uploads\/2021\/06\/logo.png","width":299,"height":65,"caption":"Bioinnovaci\u00f3n Dental"},"image":{"@id":"https:\/\/bioinnovaciondental.com\/fr\/#\/schema\/logo\/image\/"}},{"@type":"WebSite","@id":"https:\/\/bioinnovaciondental.com\/fr\/#website","url":"https:\/\/bioinnovaciondental.com\/fr\/","name":"Bioinnovaci\u00f3n Dental","description":"Your Digital Odontology Team","publisher":{"@id":"https:\/\/bioinnovaciondental.com\/fr\/#organization"},"potentialAction":[{"@type":"SearchAction","target":{"@type":"EntryPoint","urlTemplate":"https:\/\/bioinnovaciondental.com\/fr\/?s={search_term_string}"},"query-input":"required name=search_term_string"}],"inLanguage":"fr-FR"},{"@type":"WebPage","@id":"https:\/\/bioinnovaciondental.com\/fr\/couronne-pilier\/#webpage","url":"https:\/\/bioinnovaciondental.com\/fr\/couronne-pilier\/","name":"Couronne - Pilier - Bioinnovaci\u00f3n Dental","isPartOf":{"@id":"https:\/\/bioinnovaciondental.com\/fr\/#website"},"datePublished":"2021-06-25T06:32:29+00:00","dateModified":"2022-11-28T12:53:45+00:00","description":"En Bioinovaci\u00f3n Dental, dise\u00f1amos Coronas y Pilares en cualquier tama\u00f1o, utilizando las t\u00e9cnicas de Fresado, Sintex o Interfase.","breadcrumb":{"@id":"https:\/\/bioinnovaciondental.com\/fr\/couronne-pilier\/#breadcrumb"},"inLanguage":"fr-FR","potentialAction":[{"@type":"ReadAction","target":["https:\/\/bioinnovaciondental.com\/fr\/couronne-pilier\/"]}]},{"@type":"BreadcrumbList","@id":"https:\/\/bioinnovaciondental.com\/fr\/couronne-pilier\/#breadcrumb","itemListElement":[{"@type":"ListItem","position":1,"name":"Portada","item":"https:\/\/bioinnovaciondental.com\/fr\/"},{"@type":"ListItem","position":2,"name":"Couronne &#8211; Pilier"}]}]}},"_links":{"self":[{"href":"https:\/\/bioinnovaciondental.com\/fr\/wp-json\/wp\/v2\/pages\/727"}],"collection":[{"href":"https:\/\/bioinnovaciondental.com\/fr\/wp-json\/wp\/v2\/pages"}],"about":[{"href":"https:\/\/bioinnovaciondental.com\/fr\/wp-json\/wp\/v2\/types\/page"}],"author":[{"embeddable":true,"href":"https:\/\/bioinnovaciondental.com\/fr\/wp-json\/wp\/v2\/users\/1"}],"replies":[{"embeddable":true,"href":"https:\/\/bioinnovaciondental.com\/fr\/wp-json\/wp\/v2\/comments?post=727"}],"version-history":[{"count":2,"href":"https:\/\/bioinnovaciondental.com\/fr\/wp-json\/wp\/v2\/pages\/727\/revisions"}],"predecessor-version":[{"id":774,"href":"https:\/\/bioinnovaciondental.com\/fr\/wp-json\/wp\/v2\/pages\/727\/revisions\/774"}],"wp:attachment":[{"href":"https:\/\/bioinnovaciondental.com\/fr\/wp-json\/wp\/v2\/media?parent=727"}],"curies":[{"name":"wp","href":"https:\/\/api.w.org\/{rel}","templated":true}]}}