{"id":705,"date":"2022-05-04T10:45:25","date_gmt":"2022-05-04T10:45:25","guid":{"rendered":"https:\/\/bioinnovaciondental.com\/politica-de-cookies\/"},"modified":"2022-12-01T12:46:11","modified_gmt":"2022-12-01T12:46:11","slug":"politique-de-cookies","status":"publish","type":"page","link":"https:\/\/bioinnovaciondental.com\/fr\/politique-de-cookies\/","title":{"rendered":"Politique de Cookies"},"content":{"rendered":"<h3>Politique de Cookies<\/h3>\n<p class=\"p1\">Un <i>cookie<\/i> est un petit fichier texte qui est stock\u00e9 dans votre navigateur lorsque vous visitez quasiment n\u2019importe quelle page Web. Il permet \u00e0 un site Web de se souvenir de votre visite lorsque vous naviguez \u00e0 nouveau sur ce site. Les cookies stockent g\u00e9n\u00e9ralement des informations techniques, des pr\u00e9f\u00e9rences personnelles, une personnalisation des contenus, des statistiques d\u2019utilisation, des liens des vers les r\u00e9seaux sociaux, un acc\u00e8s aux comptes d\u2019utilisateurs, etc. Le but du <i>cookie<\/i> est d\u2019adapter le contenu du site Web \u00e0 votre profil et \u00e0 vos besoins. Sans <i>cookies,<\/i> les services propos\u00e9s sur n\u2019importe quelle page seraient consid\u00e9rablement affect\u00e9s. Si vous souhaitez plus d&rsquo;informations sur les <i>cookies<\/i>, ce qu&rsquo;ils stockent, comment les supprimer, les d\u00e9sactiver, etc., <a href=\"http:\/\/www.bioinnovaciondental.com\/mas-informacion-sobre-las-cookies\/\"><span class=\"s1\">veuillez cliquer sur ce lien.<span class=\"Apple-converted-space\">\u00a0<\/span><\/span><\/a><\/p>\n<h3>Cookies utilis\u00e9s sur ce site<\/h3>\n<p>Conform\u00e9ment aux directives de l&rsquo;Agence espagnole de protection des donn\u00e9es, nous d\u00e9taillons l&rsquo;utilisation des cookies effectu\u00e9e par ce site Web afin de vous informer avec le plus de pr\u00e9cision possible.<\/p>\n<p class=\"p1\">Ce site Web utilise ses <b>propres cookies<\/b> suivants\u00a0:<\/p>\n<ul>\n<li class=\"li1\">Cookies de session, pour s&rsquo;assurer que les utilisateurs qui \u00e9crivent des commentaires sur le blog sont des humains et non des applications automatis\u00e9es. C&rsquo;est ainsi que nous luttons contre les <i>spams<\/i>.<\/li>\n<\/ul>\n<p class=\"p1\">Ce site Web utilise les <b>cookies tiers<\/b> suivants\u00a0:<\/p>\n<ul>\n<li class=\"li1\">Google Analytics\u00a0: il stocke des cookies afin de pouvoir \u00e9laborer des statistiques sur le trafic et le volume de visites sur ce site Web. En utilisant ce site Web, vous consentez au traitement, par Google, des informations vous concernant. Par cons\u00e9quent, l&rsquo;exercice de tout droit \u00e0 cet \u00e9gard doit se faire en contactant directement Google.<\/li>\n<li class=\"li1\">Google AdWords\u00a0:\u00a0nous utilisons les cookies Google Adwords pour suivre l&rsquo;activit\u00e9 publicitaire sur le r\u00e9seau de Google et \u00eatre en mesure de proposer des publicit\u00e9s adapt\u00e9es \u00e0 l&rsquo;utilisateur.<\/li>\n<li class=\"li1\">R\u00e9seaux sociaux\u00a0: chaque r\u00e9seau social utilise ses propres cookies afin que vous puissiez cliquer sur des boutons tels que <i>J&rsquo;aime<\/i> ou <i>Partager<\/i>.<\/li>\n<\/ul>\n<h3>D\u00e9sactivation ou suppression des cookies<\/h3>\n<p class=\"p1\">Vous pouvez \u00e0 tout moment exercer votre droit de d\u00e9sactiver ou de supprimer <i>les cookies<\/i> de ce site Web. Ces actions sont effectu\u00e9es diff\u00e9remment selon le navigateur que vous utilisez.\u00a0<a href=\"http:\/\/www.bioinnovaciondental.com\/mas-informacion-sobre-las-cookies\/#navegadores\"><span class=\"s1\">Voici un guide rapide pour les navigateurs les plus populaires<\/span><\/a>.<\/p>\n<h3>Remarques suppl\u00e9mentaires<\/h3>\n<ul>\n<li class=\"li1\">De m\u00eame, ni ce site Web, ni ses repr\u00e9sentants l\u00e9gaux ne sauraient \u00eatre tenus responsables du contenu ou de la v\u00e9racit\u00e9 des politiques de confidentialit\u00e9 des tiers mentionn\u00e9s dans cette politique de <i>cookies<\/i>.<\/li>\n<li class=\"li1\">Les navigateurs Web sont les outils charg\u00e9s de stocker les <i>cookies<\/i>. C\u2019est ici que vous devez exercer votre droit de les supprimer ou de les d\u00e9sactiver. Ni ce site, ni ses repr\u00e9sentants l\u00e9gaux ne peuvent garantir l\u2019utilisation correcte ou incorrecte des <i>cookies<\/i> par les navigateurs susmentionn\u00e9s.<\/li>\n<li class=\"li1\">Dans certains cas, il est n\u00e9cessaire d&rsquo;installer des<i> cookies<\/i> afin que le navigateur n&rsquo;oublie pas votre d\u00e9cision de ne pas les accepter.<\/li>\n<li class=\"li1\">Concernant les <i>cookies<\/i> de Google Analytics, cette soci\u00e9t\u00e9 stocke les <i>cookies<\/i> sur des serveurs situ\u00e9s aux \u00c9tats-Unis et s&rsquo;engage \u00e0 ne pas les partager avec des tiers, sauf dans les cas o\u00f9 cela serait n\u00e9cessaire au fonctionnement du syst\u00e8me ou lorsque la loi l&rsquo;exige. Selon Google, votre adresse IP n&rsquo;est pas enregistr\u00e9e. Google Inc. est une soci\u00e9t\u00e9 ayant adh\u00e9r\u00e9 \u00e0 l&rsquo;accord Safe Harbor qui garantit que toutes les donn\u00e9es transf\u00e9r\u00e9es seront trait\u00e9es selon un niveau de protection conforme \u00e0 la r\u00e9glementation europ\u00e9enne. Vous trouverez des informations d\u00e9taill\u00e9es \u00e0 ce sujet <a href=\"http:\/\/safeharbor.export.gov\/companyinfo.aspx?id=16626\"><span class=\"s2\">sur ce lien<\/span><\/a>. Si vous souhaitez obtenir des informations sur l&rsquo;utilisation des <i>cookies<\/i> par Google, <a href=\"https:\/\/developers.google.com\/analytics\/devguides\/collection\/analyticsjs\/cookie-usage?hl=es&amp;csw=1\"><span class=\"s2\">nous joignons cet autre lien<\/span><\/a>.<\/li>\n<li class=\"li1\">Pour toute question ou demande de renseignement concernant cette politique de <i>cookies<\/i>, n\u2019h\u00e9sitez pas \u00e0 nous contacter via la section contact.<\/li>\n<\/ul>\n","protected":false},"excerpt":{"rendered":"<p>Politique de Cookies Un cookie est un petit fichier texte qui est stock\u00e9 dans votre navigateur lorsque vous visitez quasiment n\u2019importe quelle page Web. Il permet \u00e0 un site Web de se souvenir de votre visite lorsque vous naviguez \u00e0 nouveau sur ce site. Les cookies stockent g\u00e9n\u00e9ralement des informations techniques, des pr\u00e9f\u00e9rences personnelles, une [&hellip;]<\/p>\n","protected":false},"author":1,"featured_media":0,"parent":0,"menu_order":0,"comment_status":"closed","ping_status":"open","template":"","meta":{"_mi_skip_tracking":false},"acf":[],"yoast_head":"<!-- This site is optimized with the Yoast SEO plugin v18.8 - https:\/\/yoast.com\/wordpress\/plugins\/seo\/ -->\n<title>Politique de Cookies - Bioinnovaci\u00f3n Dental<\/title>\n<meta name=\"robots\" content=\"noindex, nofollow\" \/>\n<meta property=\"og:locale\" content=\"fr_FR\" \/>\n<meta property=\"og:type\" content=\"article\" \/>\n<meta property=\"og:title\" content=\"Politique de Cookies - Bioinnovaci\u00f3n Dental\" \/>\n<meta property=\"og:description\" content=\"Politique de Cookies Un cookie est un petit fichier texte qui est stock\u00e9 dans votre navigateur lorsque vous visitez quasiment n\u2019importe quelle page Web. Il permet \u00e0 un site Web de se souvenir de votre visite lorsque vous naviguez \u00e0 nouveau sur ce site. Les cookies stockent g\u00e9n\u00e9ralement des informations techniques, des pr\u00e9f\u00e9rences personnelles, une [&hellip;]\" \/>\n<meta property=\"og:url\" content=\"https:\/\/bioinnovaciondental.com\/fr\/politique-de-cookies\/\" \/>\n<meta property=\"og:site_name\" content=\"Bioinnovaci\u00f3n Dental\" \/>\n<meta property=\"article:modified_time\" content=\"2022-12-01T12:46:11+00:00\" \/>\n<meta name=\"twitter:card\" content=\"summary_large_image\" \/>\n<meta name=\"twitter:label1\" content=\"Est. reading time\" \/>\n\t<meta name=\"twitter:data1\" content=\"3 minutes\" \/>\n<script type=\"application\/ld+json\" class=\"yoast-schema-graph\">{\"@context\":\"https:\/\/schema.org\",\"@graph\":[{\"@type\":\"Organization\",\"@id\":\"https:\/\/bioinnovaciondental.com\/fr\/#organization\",\"name\":\"Bioinnovaci\u00f3n Dental\",\"url\":\"https:\/\/bioinnovaciondental.com\/fr\/\",\"sameAs\":[],\"logo\":{\"@type\":\"ImageObject\",\"inLanguage\":\"fr-FR\",\"@id\":\"https:\/\/bioinnovaciondental.com\/fr\/#\/schema\/logo\/image\/\",\"url\":\"https:\/\/bioinnovaciondental.com\/wp-content\/uploads\/2021\/06\/logo.png\",\"contentUrl\":\"https:\/\/bioinnovaciondental.com\/wp-content\/uploads\/2021\/06\/logo.png\",\"width\":299,\"height\":65,\"caption\":\"Bioinnovaci\u00f3n Dental\"},\"image\":{\"@id\":\"https:\/\/bioinnovaciondental.com\/fr\/#\/schema\/logo\/image\/\"}},{\"@type\":\"WebSite\",\"@id\":\"https:\/\/bioinnovaciondental.com\/fr\/#website\",\"url\":\"https:\/\/bioinnovaciondental.com\/fr\/\",\"name\":\"Bioinnovaci\u00f3n Dental\",\"description\":\"Your Digital Odontology Team\",\"publisher\":{\"@id\":\"https:\/\/bioinnovaciondental.com\/fr\/#organization\"},\"potentialAction\":[{\"@type\":\"SearchAction\",\"target\":{\"@type\":\"EntryPoint\",\"urlTemplate\":\"https:\/\/bioinnovaciondental.com\/fr\/?s={search_term_string}\"},\"query-input\":\"required name=search_term_string\"}],\"inLanguage\":\"fr-FR\"},{\"@type\":\"WebPage\",\"@id\":\"https:\/\/bioinnovaciondental.com\/fr\/politique-de-cookies\/#webpage\",\"url\":\"https:\/\/bioinnovaciondental.com\/fr\/politique-de-cookies\/\",\"name\":\"Politique de Cookies - Bioinnovaci\u00f3n Dental\",\"isPartOf\":{\"@id\":\"https:\/\/bioinnovaciondental.com\/fr\/#website\"},\"datePublished\":\"2022-05-04T10:45:25+00:00\",\"dateModified\":\"2022-12-01T12:46:11+00:00\",\"breadcrumb\":{\"@id\":\"https:\/\/bioinnovaciondental.com\/fr\/politique-de-cookies\/#breadcrumb\"},\"inLanguage\":\"fr-FR\",\"potentialAction\":[{\"@type\":\"ReadAction\",\"target\":[\"https:\/\/bioinnovaciondental.com\/fr\/politique-de-cookies\/\"]}]},{\"@type\":\"BreadcrumbList\",\"@id\":\"https:\/\/bioinnovaciondental.com\/fr\/politique-de-cookies\/#breadcrumb\",\"itemListElement\":[{\"@type\":\"ListItem\",\"position\":1,\"name\":\"Portada\",\"item\":\"https:\/\/bioinnovaciondental.com\/fr\/\"},{\"@type\":\"ListItem\",\"position\":2,\"name\":\"Politique de Cookies\"}]}]}<\/script>\n<!-- \/ Yoast SEO plugin. -->","yoast_head_json":{"title":"Politique de Cookies - Bioinnovaci\u00f3n Dental","robots":{"index":"noindex","follow":"nofollow"},"og_locale":"fr_FR","og_type":"article","og_title":"Politique de Cookies - Bioinnovaci\u00f3n Dental","og_description":"Politique de Cookies Un cookie est un petit fichier texte qui est stock\u00e9 dans votre navigateur lorsque vous visitez quasiment n\u2019importe quelle page Web. Il permet \u00e0 un site Web de se souvenir de votre visite lorsque vous naviguez \u00e0 nouveau sur ce site. Les cookies stockent g\u00e9n\u00e9ralement des informations techniques, des pr\u00e9f\u00e9rences personnelles, une [&hellip;]","og_url":"https:\/\/bioinnovaciondental.com\/fr\/politique-de-cookies\/","og_site_name":"Bioinnovaci\u00f3n Dental","article_modified_time":"2022-12-01T12:46:11+00:00","twitter_card":"summary_large_image","twitter_misc":{"Est. reading time":"3 minutes"},"schema":{"@context":"https:\/\/schema.org","@graph":[{"@type":"Organization","@id":"https:\/\/bioinnovaciondental.com\/fr\/#organization","name":"Bioinnovaci\u00f3n Dental","url":"https:\/\/bioinnovaciondental.com\/fr\/","sameAs":[],"logo":{"@type":"ImageObject","inLanguage":"fr-FR","@id":"https:\/\/bioinnovaciondental.com\/fr\/#\/schema\/logo\/image\/","url":"https:\/\/bioinnovaciondental.com\/wp-content\/uploads\/2021\/06\/logo.png","contentUrl":"https:\/\/bioinnovaciondental.com\/wp-content\/uploads\/2021\/06\/logo.png","width":299,"height":65,"caption":"Bioinnovaci\u00f3n Dental"},"image":{"@id":"https:\/\/bioinnovaciondental.com\/fr\/#\/schema\/logo\/image\/"}},{"@type":"WebSite","@id":"https:\/\/bioinnovaciondental.com\/fr\/#website","url":"https:\/\/bioinnovaciondental.com\/fr\/","name":"Bioinnovaci\u00f3n Dental","description":"Your Digital Odontology Team","publisher":{"@id":"https:\/\/bioinnovaciondental.com\/fr\/#organization"},"potentialAction":[{"@type":"SearchAction","target":{"@type":"EntryPoint","urlTemplate":"https:\/\/bioinnovaciondental.com\/fr\/?s={search_term_string}"},"query-input":"required name=search_term_string"}],"inLanguage":"fr-FR"},{"@type":"WebPage","@id":"https:\/\/bioinnovaciondental.com\/fr\/politique-de-cookies\/#webpage","url":"https:\/\/bioinnovaciondental.com\/fr\/politique-de-cookies\/","name":"Politique de Cookies - Bioinnovaci\u00f3n Dental","isPartOf":{"@id":"https:\/\/bioinnovaciondental.com\/fr\/#website"},"datePublished":"2022-05-04T10:45:25+00:00","dateModified":"2022-12-01T12:46:11+00:00","breadcrumb":{"@id":"https:\/\/bioinnovaciondental.com\/fr\/politique-de-cookies\/#breadcrumb"},"inLanguage":"fr-FR","potentialAction":[{"@type":"ReadAction","target":["https:\/\/bioinnovaciondental.com\/fr\/politique-de-cookies\/"]}]},{"@type":"BreadcrumbList","@id":"https:\/\/bioinnovaciondental.com\/fr\/politique-de-cookies\/#breadcrumb","itemListElement":[{"@type":"ListItem","position":1,"name":"Portada","item":"https:\/\/bioinnovaciondental.com\/fr\/"},{"@type":"ListItem","position":2,"name":"Politique de Cookies"}]}]}},"_links":{"self":[{"href":"https:\/\/bioinnovaciondental.com\/fr\/wp-json\/wp\/v2\/pages\/705"}],"collection":[{"href":"https:\/\/bioinnovaciondental.com\/fr\/wp-json\/wp\/v2\/pages"}],"about":[{"href":"https:\/\/bioinnovaciondental.com\/fr\/wp-json\/wp\/v2\/types\/page"}],"author":[{"embeddable":true,"href":"https:\/\/bioinnovaciondental.com\/fr\/wp-json\/wp\/v2\/users\/1"}],"replies":[{"embeddable":true,"href":"https:\/\/bioinnovaciondental.com\/fr\/wp-json\/wp\/v2\/comments?post=705"}],"version-history":[{"count":3,"href":"https:\/\/bioinnovaciondental.com\/fr\/wp-json\/wp\/v2\/pages\/705\/revisions"}],"predecessor-version":[{"id":809,"href":"https:\/\/bioinnovaciondental.com\/fr\/wp-json\/wp\/v2\/pages\/705\/revisions\/809"}],"wp:attachment":[{"href":"https:\/\/bioinnovaciondental.com\/fr\/wp-json\/wp\/v2\/media?parent=705"}],"curies":[{"name":"wp","href":"https:\/\/api.w.org\/{rel}","templated":true}]}}