{"id":703,"date":"2022-08-24T07:57:15","date_gmt":"2022-08-24T07:57:15","guid":{"rendered":"https:\/\/bioinnovaciondental.com\/politica-de-calidad\/"},"modified":"2022-12-02T14:09:14","modified_gmt":"2022-12-02T14:09:14","slug":"politique-qualite","status":"publish","type":"page","link":"https:\/\/bioinnovaciondental.com\/fr\/politique-qualite\/","title":{"rendered":"Politique de Qualit\u00e9"},"content":{"rendered":"<p><strong><em>BIOINNOVACI\u00d3N DENTAL, <\/em><\/strong>contamos con m\u00e1s de 15 a\u00f1os de experiencia en el mercado y, desde el inicio, la calidad siempre ha sido lo primero para Bioinnovaci\u00f3n Dental.<\/p>\n<p>Somos conocidos en el sector de la implantolog\u00eda por fabricar estructuras para pr\u00f3tesis dentales personalizadas de la mayor calidad y seguridad,\u00a0 aplicando las \u00faltimas tecnolog\u00edas que garantizan unos niveles \u00f3ptimos de precisi\u00f3n y fiabilidad.<\/p>\n<p>Utilizamos los mejores ingredientes para asegurar la excelencia: maquinaria puntera, las mejores marcas de materiales y un equipo profesional pendiente de cada trabajo, para que la durabilidad y ajuste pasivo sean siempre sobresalientes.<\/p>\n<p>Todos nuestros productos est\u00e1n sometidos a rigurosos controles de calidad, para que siempre recibas una estructura perfecta, sin sorpresas.<\/p>\n<p>La Direcci\u00f3n de <strong><em>BIOINNOVACI\u00d3N DENTAL S.L. <\/em><\/strong>enfoca el Sistema de la Calidad como una manera de gestionar el funcionamiento de la organizaci\u00f3n, partiendo de unos pilares b\u00e1sicos como son la Calidad de sus productos, la satisfacci\u00f3n del cliente por un servicio cercano y de calidad, y la mejora continua de la eficacia del Sistema, as\u00ed como los requisitos legales aplicables.<\/p>\n<p>Con el fin de mejorar, hemos considerado que un servicio de calidad es primordial para obtener una posici\u00f3n de liderazgo en nuestro sector. <strong><em>BIOINNOVACI\u00d3N DENTAL S.L.<\/em><\/strong> se compromete a:<\/p>\n<ul>\n<li>Satisfacer las necesidades y expectativas del cliente.<\/li>\n<li>Mantener un sistema de gesti\u00f3n de la calidad que cumpla con los requisitos de la NORMA INTERNACIONAL ISO 13485.<\/li>\n<li>Cumplir los requisitos legales y reglamentarios, as\u00ed como mantener la eficacia del sistema de gesti\u00f3n de la calidad en busca de la mejora continua de nuestras actividades.<\/li>\n<li>Desarrollar las actividades dentro de un \u00e1mbito totalmente respetuoso con el medio, bajo el principio de prevenci\u00f3n de la contaminaci\u00f3n.<\/li>\n<li>Velar por un desarrollo de las actividades dentro de un \u00e1mbito seguro para el trabajador, bajo el principio de proteger la seguridad y salud frente a los riesgos laborales.<\/li>\n<li>La Calidad nos dirige a prestar la m\u00e1xima atenci\u00f3n a la evoluci\u00f3n tecnol\u00f3gica y a las posibles mejoras que las nuevas tecnolog\u00edas pusieran a nuestra disposici\u00f3n.<\/li>\n<li>La Calidad y su mejora requiere de la participaci\u00f3n y colaboraci\u00f3n de todos los integrantes de la organizaci\u00f3n, por lo que esta Pol\u00edtica es difundida a todo el personal para su conocimiento y comprensi\u00f3n.<\/li>\n<\/ul>\n<p>Para la aplicaci\u00f3n efectiva de estos principios, toda la organizaci\u00f3n de <strong><em>BIOINNOVACI\u00d3N DENTAL, <\/em><\/strong>se compromete a llevar a cabo esta Pol\u00edtica de calidad.<\/p>\n<p><em>Pamplona, 09 de marzo de 2022<\/em><\/p>\n<h2><strong>VISI\u00d3N<\/strong><\/h2>\n<h2><strong>VALORES<\/strong><\/h2>\n<p><strong>Satisfacci\u00f3n del Cliente<\/strong><\/p>\n<p>Calidad, servicio y cercan\u00eda. Fabricamos todo tipo de estructuras para todos los problemas odontoprot\u00e9sicos. Descubre nuestras opciones.<\/p>\n<p><strong>Especialistas<\/strong><\/p>\n<p>Bioinnovaci\u00f3n Dental nace de la mano de dos prot\u00e9sicos dentales, con una dilatada trayectoria, que detectaron una necesidad de mercado y decidieron crear un centro de fresado de estructuras dentales, con una gran orientaci\u00f3n a la calidad.<\/p>\n<p>Hoy, somos un equipo de prot\u00e9sicos dentales e ingenieros especialistas en tecnolog\u00edas CAD\/CAM, con una gran experiencia y motivaci\u00f3n por el trabajo bien hecho. Un equipo experto, permanentemente formado en las \u00faltimas t\u00e9cnicas tanto de dise\u00f1o como en los procesos de fresado y sinterizado m\u00e1s avanzados.<\/p>\n<p>Entendemos la problem\u00e1tica de nuestros clientes, somos cercanos y estamos siempre dispuestos a asesorarte. Ofrecemos un trato personalizado, buscando el mejor resultado para cada rehabilitaci\u00f3n, realizando soluciones de ingenier\u00eda y conexiones a medida.<\/p>\n<p><strong>Personas<\/strong><\/p>\n<p>Capital humano es la base. Conseguir personas con actitud total orientada a nuestros clientes (personas).<\/p>\n<p><strong>Innovaci\u00f3n y Tecnolog\u00eda<\/strong><\/p>\n<p>Desde nuestros or\u00edgenes, hemos estado comprometidos con la innovaci\u00f3n. Bioinnovaci\u00f3n Dental fue un centro pionero en la fabricaci\u00f3n de estructuras de zirconio y, m\u00e1s recientemente, vuelve a ser uno de los primeros en ofrecer sinterizado mecanizado, creando Sintex, un producto referente por su calidad.<\/p>\n<p>La innovaci\u00f3n y la apuesta por las \u00faltimas tecnolog\u00edas es para nosotros una prioridad. Adem\u00e1s, utilizamos los materiales de \u00faltima generaci\u00f3n, lo que nos permite poderte ofrecer el producto m\u00e1s avanzado tanto a nivel est\u00e9tico como funcional para tus trabajos de pr\u00f3tesis dental.<\/p>\n<p>Tambi\u00e9n somos innovadores en la b\u00fasqueda de soluciones. Nos gustan los retos y somos expertos en la resoluci\u00f3n de casos de alta complejidad de forma muy satisfactoria. Env\u00edanos tu caso!<\/p>\n<h2><strong>PILARES CLAVE BIOINNOVACI\u00d3N DENTAL<\/strong><\/h2>\n<p><img decoding=\"async\" loading=\"lazy\" class=\"alignnone wp-image-486 size-large\" src=\"https:\/\/bioinnovaciondental.com\/wp-content\/uploads\/2022\/08\/Captura-de-pantalla-2022-08-24-a-las-9.55.28-1024x728.png\" alt=\"\" width=\"1024\" height=\"728\" srcset=\"https:\/\/bioinnovaciondental.com\/wp-content\/uploads\/2022\/08\/Captura-de-pantalla-2022-08-24-a-las-9.55.28-1024x728.png 1024w, https:\/\/bioinnovaciondental.com\/wp-content\/uploads\/2022\/08\/Captura-de-pantalla-2022-08-24-a-las-9.55.28-300x213.png 300w, https:\/\/bioinnovaciondental.com\/wp-content\/uploads\/2022\/08\/Captura-de-pantalla-2022-08-24-a-las-9.55.28-768x546.png 768w, https:\/\/bioinnovaciondental.com\/wp-content\/uploads\/2022\/08\/Captura-de-pantalla-2022-08-24-a-las-9.55.28.png 1282w\" sizes=\"(max-width: 1024px) 100vw, 1024px\" \/><\/p>\n<p>&nbsp;<\/p>\n","protected":false},"excerpt":{"rendered":"<p>BIOINNOVACI\u00d3N DENTAL, contamos con m\u00e1s de 15 a\u00f1os de experiencia en el mercado y, desde el inicio, la calidad siempre ha sido lo primero para Bioinnovaci\u00f3n Dental. Somos conocidos en el sector de la implantolog\u00eda por fabricar estructuras para pr\u00f3tesis dentales personalizadas de la mayor calidad y seguridad,\u00a0 aplicando las \u00faltimas tecnolog\u00edas que garantizan unos [&hellip;]<\/p>\n","protected":false},"author":1,"featured_media":0,"parent":0,"menu_order":0,"comment_status":"closed","ping_status":"open","template":"","meta":{"_mi_skip_tracking":false},"acf":[],"yoast_head":"<!-- This site is optimized with the Yoast SEO plugin v18.8 - https:\/\/yoast.com\/wordpress\/plugins\/seo\/ -->\n<title>Politique de Qualit\u00e9 - Bioinnovaci\u00f3n Dental<\/title>\n<meta name=\"robots\" content=\"noindex, nofollow\" \/>\n<meta property=\"og:locale\" content=\"fr_FR\" \/>\n<meta property=\"og:type\" content=\"article\" \/>\n<meta property=\"og:title\" content=\"Politique de Qualit\u00e9 - Bioinnovaci\u00f3n Dental\" \/>\n<meta property=\"og:description\" content=\"BIOINNOVACI\u00d3N DENTAL, contamos con m\u00e1s de 15 a\u00f1os de experiencia en el mercado y, desde el inicio, la calidad siempre ha sido lo primero para Bioinnovaci\u00f3n Dental. Somos conocidos en el sector de la implantolog\u00eda por fabricar estructuras para pr\u00f3tesis dentales personalizadas de la mayor calidad y seguridad,\u00a0 aplicando las \u00faltimas tecnolog\u00edas que garantizan unos [&hellip;]\" \/>\n<meta property=\"og:url\" content=\"https:\/\/bioinnovaciondental.com\/fr\/politique-qualite\/\" \/>\n<meta property=\"og:site_name\" content=\"Bioinnovaci\u00f3n Dental\" \/>\n<meta property=\"article:modified_time\" content=\"2022-12-02T14:09:14+00:00\" \/>\n<meta property=\"og:image\" content=\"https:\/\/bioinnovaciondental.com\/wp-content\/uploads\/2022\/08\/Captura-de-pantalla-2022-08-24-a-las-9.55.28-1024x728.png\" \/>\n<meta name=\"twitter:card\" content=\"summary_large_image\" \/>\n<meta name=\"twitter:label1\" content=\"Est. reading time\" \/>\n\t<meta name=\"twitter:data1\" content=\"4 minutes\" \/>\n<script type=\"application\/ld+json\" class=\"yoast-schema-graph\">{\"@context\":\"https:\/\/schema.org\",\"@graph\":[{\"@type\":\"Organization\",\"@id\":\"https:\/\/bioinnovaciondental.com\/fr\/#organization\",\"name\":\"Bioinnovaci\u00f3n Dental\",\"url\":\"https:\/\/bioinnovaciondental.com\/fr\/\",\"sameAs\":[],\"logo\":{\"@type\":\"ImageObject\",\"inLanguage\":\"fr-FR\",\"@id\":\"https:\/\/bioinnovaciondental.com\/fr\/#\/schema\/logo\/image\/\",\"url\":\"https:\/\/bioinnovaciondental.com\/wp-content\/uploads\/2021\/06\/logo.png\",\"contentUrl\":\"https:\/\/bioinnovaciondental.com\/wp-content\/uploads\/2021\/06\/logo.png\",\"width\":299,\"height\":65,\"caption\":\"Bioinnovaci\u00f3n Dental\"},\"image\":{\"@id\":\"https:\/\/bioinnovaciondental.com\/fr\/#\/schema\/logo\/image\/\"}},{\"@type\":\"WebSite\",\"@id\":\"https:\/\/bioinnovaciondental.com\/fr\/#website\",\"url\":\"https:\/\/bioinnovaciondental.com\/fr\/\",\"name\":\"Bioinnovaci\u00f3n Dental\",\"description\":\"Your Digital Odontology Team\",\"publisher\":{\"@id\":\"https:\/\/bioinnovaciondental.com\/fr\/#organization\"},\"potentialAction\":[{\"@type\":\"SearchAction\",\"target\":{\"@type\":\"EntryPoint\",\"urlTemplate\":\"https:\/\/bioinnovaciondental.com\/fr\/?s={search_term_string}\"},\"query-input\":\"required name=search_term_string\"}],\"inLanguage\":\"fr-FR\"},{\"@type\":\"ImageObject\",\"inLanguage\":\"fr-FR\",\"@id\":\"https:\/\/bioinnovaciondental.com\/fr\/politique-qualite\/#primaryimage\",\"url\":\"https:\/\/bioinnovaciondental.com\/wp-content\/uploads\/2022\/08\/Captura-de-pantalla-2022-08-24-a-las-9.55.28.png\",\"contentUrl\":\"https:\/\/bioinnovaciondental.com\/wp-content\/uploads\/2022\/08\/Captura-de-pantalla-2022-08-24-a-las-9.55.28.png\",\"width\":1282,\"height\":912},{\"@type\":\"WebPage\",\"@id\":\"https:\/\/bioinnovaciondental.com\/fr\/politique-qualite\/#webpage\",\"url\":\"https:\/\/bioinnovaciondental.com\/fr\/politique-qualite\/\",\"name\":\"Politique de Qualit\u00e9 - Bioinnovaci\u00f3n Dental\",\"isPartOf\":{\"@id\":\"https:\/\/bioinnovaciondental.com\/fr\/#website\"},\"primaryImageOfPage\":{\"@id\":\"https:\/\/bioinnovaciondental.com\/fr\/politique-qualite\/#primaryimage\"},\"datePublished\":\"2022-08-24T07:57:15+00:00\",\"dateModified\":\"2022-12-02T14:09:14+00:00\",\"breadcrumb\":{\"@id\":\"https:\/\/bioinnovaciondental.com\/fr\/politique-qualite\/#breadcrumb\"},\"inLanguage\":\"fr-FR\",\"potentialAction\":[{\"@type\":\"ReadAction\",\"target\":[\"https:\/\/bioinnovaciondental.com\/fr\/politique-qualite\/\"]}]},{\"@type\":\"BreadcrumbList\",\"@id\":\"https:\/\/bioinnovaciondental.com\/fr\/politique-qualite\/#breadcrumb\",\"itemListElement\":[{\"@type\":\"ListItem\",\"position\":1,\"name\":\"Portada\",\"item\":\"https:\/\/bioinnovaciondental.com\/fr\/\"},{\"@type\":\"ListItem\",\"position\":2,\"name\":\"Politique de Qualit\u00e9\"}]}]}<\/script>\n<!-- \/ Yoast SEO plugin. -->","yoast_head_json":{"title":"Politique de Qualit\u00e9 - Bioinnovaci\u00f3n Dental","robots":{"index":"noindex","follow":"nofollow"},"og_locale":"fr_FR","og_type":"article","og_title":"Politique de Qualit\u00e9 - Bioinnovaci\u00f3n Dental","og_description":"BIOINNOVACI\u00d3N DENTAL, contamos con m\u00e1s de 15 a\u00f1os de experiencia en el mercado y, desde el inicio, la calidad siempre ha sido lo primero para Bioinnovaci\u00f3n Dental. Somos conocidos en el sector de la implantolog\u00eda por fabricar estructuras para pr\u00f3tesis dentales personalizadas de la mayor calidad y seguridad,\u00a0 aplicando las \u00faltimas tecnolog\u00edas que garantizan unos [&hellip;]","og_url":"https:\/\/bioinnovaciondental.com\/fr\/politique-qualite\/","og_site_name":"Bioinnovaci\u00f3n Dental","article_modified_time":"2022-12-02T14:09:14+00:00","og_image":[{"url":"https:\/\/bioinnovaciondental.com\/wp-content\/uploads\/2022\/08\/Captura-de-pantalla-2022-08-24-a-las-9.55.28-1024x728.png"}],"twitter_card":"summary_large_image","twitter_misc":{"Est. reading time":"4 minutes"},"schema":{"@context":"https:\/\/schema.org","@graph":[{"@type":"Organization","@id":"https:\/\/bioinnovaciondental.com\/fr\/#organization","name":"Bioinnovaci\u00f3n Dental","url":"https:\/\/bioinnovaciondental.com\/fr\/","sameAs":[],"logo":{"@type":"ImageObject","inLanguage":"fr-FR","@id":"https:\/\/bioinnovaciondental.com\/fr\/#\/schema\/logo\/image\/","url":"https:\/\/bioinnovaciondental.com\/wp-content\/uploads\/2021\/06\/logo.png","contentUrl":"https:\/\/bioinnovaciondental.com\/wp-content\/uploads\/2021\/06\/logo.png","width":299,"height":65,"caption":"Bioinnovaci\u00f3n Dental"},"image":{"@id":"https:\/\/bioinnovaciondental.com\/fr\/#\/schema\/logo\/image\/"}},{"@type":"WebSite","@id":"https:\/\/bioinnovaciondental.com\/fr\/#website","url":"https:\/\/bioinnovaciondental.com\/fr\/","name":"Bioinnovaci\u00f3n Dental","description":"Your Digital Odontology Team","publisher":{"@id":"https:\/\/bioinnovaciondental.com\/fr\/#organization"},"potentialAction":[{"@type":"SearchAction","target":{"@type":"EntryPoint","urlTemplate":"https:\/\/bioinnovaciondental.com\/fr\/?s={search_term_string}"},"query-input":"required name=search_term_string"}],"inLanguage":"fr-FR"},{"@type":"ImageObject","inLanguage":"fr-FR","@id":"https:\/\/bioinnovaciondental.com\/fr\/politique-qualite\/#primaryimage","url":"https:\/\/bioinnovaciondental.com\/wp-content\/uploads\/2022\/08\/Captura-de-pantalla-2022-08-24-a-las-9.55.28.png","contentUrl":"https:\/\/bioinnovaciondental.com\/wp-content\/uploads\/2022\/08\/Captura-de-pantalla-2022-08-24-a-las-9.55.28.png","width":1282,"height":912},{"@type":"WebPage","@id":"https:\/\/bioinnovaciondental.com\/fr\/politique-qualite\/#webpage","url":"https:\/\/bioinnovaciondental.com\/fr\/politique-qualite\/","name":"Politique de Qualit\u00e9 - Bioinnovaci\u00f3n Dental","isPartOf":{"@id":"https:\/\/bioinnovaciondental.com\/fr\/#website"},"primaryImageOfPage":{"@id":"https:\/\/bioinnovaciondental.com\/fr\/politique-qualite\/#primaryimage"},"datePublished":"2022-08-24T07:57:15+00:00","dateModified":"2022-12-02T14:09:14+00:00","breadcrumb":{"@id":"https:\/\/bioinnovaciondental.com\/fr\/politique-qualite\/#breadcrumb"},"inLanguage":"fr-FR","potentialAction":[{"@type":"ReadAction","target":["https:\/\/bioinnovaciondental.com\/fr\/politique-qualite\/"]}]},{"@type":"BreadcrumbList","@id":"https:\/\/bioinnovaciondental.com\/fr\/politique-qualite\/#breadcrumb","itemListElement":[{"@type":"ListItem","position":1,"name":"Portada","item":"https:\/\/bioinnovaciondental.com\/fr\/"},{"@type":"ListItem","position":2,"name":"Politique de Qualit\u00e9"}]}]}},"_links":{"self":[{"href":"https:\/\/bioinnovaciondental.com\/fr\/wp-json\/wp\/v2\/pages\/703"}],"collection":[{"href":"https:\/\/bioinnovaciondental.com\/fr\/wp-json\/wp\/v2\/pages"}],"about":[{"href":"https:\/\/bioinnovaciondental.com\/fr\/wp-json\/wp\/v2\/types\/page"}],"author":[{"embeddable":true,"href":"https:\/\/bioinnovaciondental.com\/fr\/wp-json\/wp\/v2\/users\/1"}],"replies":[{"embeddable":true,"href":"https:\/\/bioinnovaciondental.com\/fr\/wp-json\/wp\/v2\/comments?post=703"}],"version-history":[{"count":1,"href":"https:\/\/bioinnovaciondental.com\/fr\/wp-json\/wp\/v2\/pages\/703\/revisions"}],"predecessor-version":[{"id":865,"href":"https:\/\/bioinnovaciondental.com\/fr\/wp-json\/wp\/v2\/pages\/703\/revisions\/865"}],"wp:attachment":[{"href":"https:\/\/bioinnovaciondental.com\/fr\/wp-json\/wp\/v2\/media?parent=703"}],"curies":[{"name":"wp","href":"https:\/\/api.w.org\/{rel}","templated":true}]}}