{"id":718,"date":"2021-06-25T06:34:29","date_gmt":"2021-06-25T06:34:29","guid":{"rendered":"https:\/\/bioinnovaciondental.com\/hibrida\/"},"modified":"2022-12-21T17:19:45","modified_gmt":"2022-12-21T17:19:45","slug":"hybrids","status":"publish","type":"page","link":"https:\/\/bioinnovaciondental.com\/en\/hybrids\/","title":{"rendered":"Hybrids"},"content":{"rendered":"","protected":false},"excerpt":{"rendered":"","protected":false},"author":1,"featured_media":0,"parent":0,"menu_order":0,"comment_status":"closed","ping_status":"closed","template":"","meta":{"_mi_skip_tracking":false},"acf":[],"yoast_head":"<!-- This site is optimized with the Yoast SEO plugin v18.8 - https:\/\/yoast.com\/wordpress\/plugins\/seo\/ -->\n<title>Hybrids - Bioinnovaci\u00f3n Dental<\/title>\n<meta name=\"description\" content=\"Dise\u00f1amos distintos tipos de H\u00edbridas o rehabilitaciones fijas atornilladas, sobre un m\u00ednimo de dos implantes de varias piezas.\" \/>\n<meta name=\"robots\" content=\"index, follow, max-snippet:-1, max-image-preview:large, max-video-preview:-1\" \/>\n<link rel=\"canonical\" href=\"https:\/\/bioinnovaciondental.com\/en\/hybrids\/\" \/>\n<meta property=\"og:locale\" content=\"en_US\" \/>\n<meta property=\"og:type\" content=\"article\" \/>\n<meta property=\"og:title\" content=\"Hybrids - Bioinnovaci\u00f3n Dental\" \/>\n<meta property=\"og:description\" content=\"Dise\u00f1amos distintos tipos de H\u00edbridas o rehabilitaciones fijas atornilladas, sobre un m\u00ednimo de dos implantes de varias piezas.\" \/>\n<meta property=\"og:url\" content=\"https:\/\/bioinnovaciondental.com\/en\/hybrids\/\" \/>\n<meta property=\"og:site_name\" content=\"Bioinnovaci\u00f3n Dental\" \/>\n<meta property=\"article:modified_time\" content=\"2022-12-21T17:19:45+00:00\" \/>\n<meta name=\"twitter:card\" content=\"summary_large_image\" \/>\n<script type=\"application\/ld+json\" class=\"yoast-schema-graph\">{\"@context\":\"https:\/\/schema.org\",\"@graph\":[{\"@type\":\"Organization\",\"@id\":\"https:\/\/bioinnovaciondental.com\/en\/#organization\",\"name\":\"Bioinnovaci\u00f3n Dental\",\"url\":\"https:\/\/bioinnovaciondental.com\/en\/\",\"sameAs\":[],\"logo\":{\"@type\":\"ImageObject\",\"inLanguage\":\"en-US\",\"@id\":\"https:\/\/bioinnovaciondental.com\/en\/#\/schema\/logo\/image\/\",\"url\":\"https:\/\/bioinnovaciondental.com\/wp-content\/uploads\/2021\/06\/logo.png\",\"contentUrl\":\"https:\/\/bioinnovaciondental.com\/wp-content\/uploads\/2021\/06\/logo.png\",\"width\":299,\"height\":65,\"caption\":\"Bioinnovaci\u00f3n Dental\"},\"image\":{\"@id\":\"https:\/\/bioinnovaciondental.com\/en\/#\/schema\/logo\/image\/\"}},{\"@type\":\"WebSite\",\"@id\":\"https:\/\/bioinnovaciondental.com\/en\/#website\",\"url\":\"https:\/\/bioinnovaciondental.com\/en\/\",\"name\":\"Bioinnovaci\u00f3n Dental\",\"description\":\"Your Digital Odontology Team\",\"publisher\":{\"@id\":\"https:\/\/bioinnovaciondental.com\/en\/#organization\"},\"potentialAction\":[{\"@type\":\"SearchAction\",\"target\":{\"@type\":\"EntryPoint\",\"urlTemplate\":\"https:\/\/bioinnovaciondental.com\/en\/?s={search_term_string}\"},\"query-input\":\"required name=search_term_string\"}],\"inLanguage\":\"en-US\"},{\"@type\":\"WebPage\",\"@id\":\"https:\/\/bioinnovaciondental.com\/en\/hybrids\/#webpage\",\"url\":\"https:\/\/bioinnovaciondental.com\/en\/hybrids\/\",\"name\":\"Hybrids - Bioinnovaci\u00f3n Dental\",\"isPartOf\":{\"@id\":\"https:\/\/bioinnovaciondental.com\/en\/#website\"},\"datePublished\":\"2021-06-25T06:34:29+00:00\",\"dateModified\":\"2022-12-21T17:19:45+00:00\",\"description\":\"Dise\u00f1amos distintos tipos de H\u00edbridas o rehabilitaciones fijas atornilladas, sobre un m\u00ednimo de dos implantes de varias piezas.\",\"breadcrumb\":{\"@id\":\"https:\/\/bioinnovaciondental.com\/en\/hybrids\/#breadcrumb\"},\"inLanguage\":\"en-US\",\"potentialAction\":[{\"@type\":\"ReadAction\",\"target\":[\"https:\/\/bioinnovaciondental.com\/en\/hybrids\/\"]}]},{\"@type\":\"BreadcrumbList\",\"@id\":\"https:\/\/bioinnovaciondental.com\/en\/hybrids\/#breadcrumb\",\"itemListElement\":[{\"@type\":\"ListItem\",\"position\":1,\"name\":\"Portada\",\"item\":\"https:\/\/bioinnovaciondental.com\/en\/\"},{\"@type\":\"ListItem\",\"position\":2,\"name\":\"Hybrids\"}]}]}<\/script>\n<!-- \/ Yoast SEO plugin. -->","yoast_head_json":{"title":"Hybrids - Bioinnovaci\u00f3n Dental","description":"Dise\u00f1amos distintos tipos de H\u00edbridas o rehabilitaciones fijas atornilladas, sobre un m\u00ednimo de dos implantes de varias piezas.","robots":{"index":"index","follow":"follow","max-snippet":"max-snippet:-1","max-image-preview":"max-image-preview:large","max-video-preview":"max-video-preview:-1"},"canonical":"https:\/\/bioinnovaciondental.com\/en\/hybrids\/","og_locale":"en_US","og_type":"article","og_title":"Hybrids - Bioinnovaci\u00f3n Dental","og_description":"Dise\u00f1amos distintos tipos de H\u00edbridas o rehabilitaciones fijas atornilladas, sobre un m\u00ednimo de dos implantes de varias piezas.","og_url":"https:\/\/bioinnovaciondental.com\/en\/hybrids\/","og_site_name":"Bioinnovaci\u00f3n Dental","article_modified_time":"2022-12-21T17:19:45+00:00","twitter_card":"summary_large_image","schema":{"@context":"https:\/\/schema.org","@graph":[{"@type":"Organization","@id":"https:\/\/bioinnovaciondental.com\/en\/#organization","name":"Bioinnovaci\u00f3n Dental","url":"https:\/\/bioinnovaciondental.com\/en\/","sameAs":[],"logo":{"@type":"ImageObject","inLanguage":"en-US","@id":"https:\/\/bioinnovaciondental.com\/en\/#\/schema\/logo\/image\/","url":"https:\/\/bioinnovaciondental.com\/wp-content\/uploads\/2021\/06\/logo.png","contentUrl":"https:\/\/bioinnovaciondental.com\/wp-content\/uploads\/2021\/06\/logo.png","width":299,"height":65,"caption":"Bioinnovaci\u00f3n Dental"},"image":{"@id":"https:\/\/bioinnovaciondental.com\/en\/#\/schema\/logo\/image\/"}},{"@type":"WebSite","@id":"https:\/\/bioinnovaciondental.com\/en\/#website","url":"https:\/\/bioinnovaciondental.com\/en\/","name":"Bioinnovaci\u00f3n Dental","description":"Your Digital Odontology Team","publisher":{"@id":"https:\/\/bioinnovaciondental.com\/en\/#organization"},"potentialAction":[{"@type":"SearchAction","target":{"@type":"EntryPoint","urlTemplate":"https:\/\/bioinnovaciondental.com\/en\/?s={search_term_string}"},"query-input":"required name=search_term_string"}],"inLanguage":"en-US"},{"@type":"WebPage","@id":"https:\/\/bioinnovaciondental.com\/en\/hybrids\/#webpage","url":"https:\/\/bioinnovaciondental.com\/en\/hybrids\/","name":"Hybrids - Bioinnovaci\u00f3n Dental","isPartOf":{"@id":"https:\/\/bioinnovaciondental.com\/en\/#website"},"datePublished":"2021-06-25T06:34:29+00:00","dateModified":"2022-12-21T17:19:45+00:00","description":"Dise\u00f1amos distintos tipos de H\u00edbridas o rehabilitaciones fijas atornilladas, sobre un m\u00ednimo de dos implantes de varias piezas.","breadcrumb":{"@id":"https:\/\/bioinnovaciondental.com\/en\/hybrids\/#breadcrumb"},"inLanguage":"en-US","potentialAction":[{"@type":"ReadAction","target":["https:\/\/bioinnovaciondental.com\/en\/hybrids\/"]}]},{"@type":"BreadcrumbList","@id":"https:\/\/bioinnovaciondental.com\/en\/hybrids\/#breadcrumb","itemListElement":[{"@type":"ListItem","position":1,"name":"Portada","item":"https:\/\/bioinnovaciondental.com\/en\/"},{"@type":"ListItem","position":2,"name":"Hybrids"}]}]}},"_links":{"self":[{"href":"https:\/\/bioinnovaciondental.com\/en\/wp-json\/wp\/v2\/pages\/718"}],"collection":[{"href":"https:\/\/bioinnovaciondental.com\/en\/wp-json\/wp\/v2\/pages"}],"about":[{"href":"https:\/\/bioinnovaciondental.com\/en\/wp-json\/wp\/v2\/types\/page"}],"author":[{"embeddable":true,"href":"https:\/\/bioinnovaciondental.com\/en\/wp-json\/wp\/v2\/users\/1"}],"replies":[{"embeddable":true,"href":"https:\/\/bioinnovaciondental.com\/en\/wp-json\/wp\/v2\/comments?post=718"}],"version-history":[{"count":4,"href":"https:\/\/bioinnovaciondental.com\/en\/wp-json\/wp\/v2\/pages\/718\/revisions"}],"predecessor-version":[{"id":945,"href":"https:\/\/bioinnovaciondental.com\/en\/wp-json\/wp\/v2\/pages\/718\/revisions\/945"}],"wp:attachment":[{"href":"https:\/\/bioinnovaciondental.com\/en\/wp-json\/wp\/v2\/media?parent=718"}],"curies":[{"name":"wp","href":"https:\/\/api.w.org\/{rel}","templated":true}]}}